{"id":12847,"date":"2023-11-23T13:10:37","date_gmt":"2023-11-23T13:10:37","guid":{"rendered":"https:\/\/atfassessors.com\/explicacio-canal-de-denuncies\/"},"modified":"2024-03-27T09:53:50","modified_gmt":"2024-03-27T09:53:50","slug":"explicacion-canal-de-denuncias","status":"publish","type":"page","link":"https:\/\/atfassessors.com\/es\/explicacion-canal-de-denuncias\/","title":{"rendered":"Explicaci\u00f3n canal de denuncias"},"content":{"rendered":"\n<h1 class=\"wp-block-heading\">Explicaci\u00f3n canal de denuncias<\/h1>\n\n\n\n<p>El presente canal est\u00e1 dedicado exclusivamente para dirigir denuncias por incumplimientos legales de la organizaci\u00f3n o sus integrantes, en los t\u00e9rminos y condiciones de la Ley 2\/2023, de 20 de febrero, reguladora de la protecci\u00f3n de las personas que informen sobre infracciones normativas y de lucha contra la corrupci\u00f3n.&nbsp;<\/p>\n\n\n\n<p>Si tiene cualquier duda sobre otras cuestiones puede contactarnos a trav\u00e9s de otros canales disponibles en la p\u00e1gina web.<\/p>\n\n\n\n<p><strong>\u00bfQu\u00e9 se consideran incumplimientos normativos?<\/strong><\/p>\n\n\n\n<p>Sin \u00e1nimo excluyente ni limitativo, se consideran:<\/p>\n\n\n\n<ul class=\"wp-block-list\">\n<li>Fraudes y estafas<\/li>\n\n\n\n<li>Blanqueo de capitales<\/li>\n\n\n\n<li>Evasi\u00f3n o elusi\u00f3n de impuestos<\/li>\n\n\n\n<li>Delitos contra la propiedad intelectual o industrial<\/li>\n\n\n\n<li>Competencia desleal<\/li>\n\n\n\n<li>Delitos contra el mercado o los consumidores<\/li>\n\n\n\n<li>Corrupci\u00f3n interna<\/li>\n\n\n\n<li>Irregularidades con la Seguridad Social o la Agencia Tributaria<\/li>\n\n\n\n<li>Incumplimiento de la normativa sobre protecci\u00f3n de datos<\/li>\n\n\n\n<li>Revelaci\u00f3n de secretos empresariales<\/li>\n\n\n\n<li>Malversaci\u00f3n<\/li>\n\n\n\n<li>Delitos contra el medio ambiente y la salud p\u00fablica<\/li>\n\n\n\n<li>Vulneraci\u00f3n de derechos de los trabajadores<\/li>\n<\/ul>\n\n\n\n<p>Algunas de las situaciones que se podr\u00edan denunciar por esta v\u00eda son:<\/p>\n\n\n\n<ul class=\"wp-block-list\">\n<li>posibles conductas y comportamientos considerados ilegales con el desempe\u00f1o del trabajo,<\/li>\n\n\n\n<li>presunta gesti\u00f3n lucrativa de recursos de la empresa,<\/li>\n\n\n\n<li>situaciones de discriminaci\u00f3n o abuso sexual,<\/li>\n\n\n\n<li>pr\u00e1cticas de corrupci\u00f3n, robos, fraudes, etc.<\/li>\n<\/ul>\n\n\n\n<p><strong>\u00bfQui\u00e9n puede presentar una comunicaci\u00f3n?<\/strong><\/p>\n\n\n\n<p>Cualquier persona de la empresa y aquellas personas externas que est\u00e9n o hayan estado vinculadas o relacionadas a con la misma en un contexto laboral o profesional.&nbsp;&nbsp;<\/p>\n\n\n\n<p><strong>\u00bfC\u00f3mo puedo realizar una comunicaci\u00f3n?<\/strong><\/p>\n\n\n\n<p>Se puede cursar de forma verbal, escrita o presencial siguiendo los pasos indicados en el formulario del Canal confidencial de denuncias. Asimismo, la comunicaci\u00f3n puede ser an\u00f3nima.<\/p>\n\n\n\n<p><strong>\u00bfC\u00f3mo se tramitar\u00e1 la comunicaci\u00f3n?<\/strong><\/p>\n\n\n\n<p>Se tramitar\u00e1 garantizando la confidencialidad y prohibici\u00f3n de represalias a la persona informante.&nbsp;<\/p>\n\n\n\n<p><strong>\u00bfQu\u00e9 principios asisten a la persona informante?<\/strong><\/p>\n\n\n\n<p>El sistema interno de informaci\u00f3n re\u00fane las garant\u00edas de confidencialidad, no represalias, respeto a la independencia, la protecci\u00f3n de datos, secreto de las comunicaciones y las pr\u00e1cticas correctas de seguimiento, investigaci\u00f3n y protecci\u00f3n de la persona informante.&nbsp;<\/p>\n","protected":false},"excerpt":{"rendered":"<p>Explicaci\u00f3n canal de denuncias El presente canal est\u00e1 dedicado exclusivamente para dirigir denuncias por incumplimientos legales de la organizaci\u00f3n o sus integrantes, en los t\u00e9rminos y condiciones de la Ley 2\/2023, de 20 de febrero, reguladora de la protecci\u00f3n de las personas que informen sobre infracciones normativas y de lucha contra la corrupci\u00f3n.&nbsp; Si tiene [&hellip;]<\/p>\n","protected":false},"author":1,"featured_media":0,"parent":0,"menu_order":0,"comment_status":"closed","ping_status":"closed","template":"","meta":{"footnotes":""},"class_list":["post-12847","page","type-page","status-publish","hentry"],"yoast_head":"<!-- This site is optimized with the Yoast SEO plugin v23.4 - https:\/\/yoast.com\/wordpress\/plugins\/seo\/ -->\n<title>Explicaci\u00f3n canal de denuncias - ATF ASSESSORS I CONSULTORS S.L.<\/title>\n<meta name=\"robots\" content=\"index, follow, max-snippet:-1, max-image-preview:large, max-video-preview:-1\" \/>\n<link rel=\"canonical\" href=\"https:\/\/atfassessors.com\/es\/explicacion-canal-de-denuncias\/\" \/>\n<meta property=\"og:locale\" content=\"es_ES\" \/>\n<meta property=\"og:type\" content=\"article\" \/>\n<meta property=\"og:title\" content=\"Explicaci\u00f3n canal de denuncias - ATF ASSESSORS I CONSULTORS S.L.\" \/>\n<meta property=\"og:description\" content=\"Explicaci\u00f3n canal de denuncias El presente canal est\u00e1 dedicado exclusivamente para dirigir denuncias por incumplimientos legales de la organizaci\u00f3n o sus integrantes, en los t\u00e9rminos y condiciones de la Ley 2\/2023, de 20 de febrero, reguladora de la protecci\u00f3n de las personas que informen sobre infracciones normativas y de lucha contra la corrupci\u00f3n.&nbsp; Si tiene [&hellip;]\" \/>\n<meta property=\"og:url\" content=\"https:\/\/atfassessors.com\/es\/explicacion-canal-de-denuncias\/\" \/>\n<meta property=\"og:site_name\" content=\"ATF ASSESSORS I CONSULTORS S.L.\" \/>\n<meta property=\"article:modified_time\" content=\"2024-03-27T09:53:50+00:00\" \/>\n<meta name=\"twitter:card\" content=\"summary_large_image\" \/>\n<meta name=\"twitter:label1\" content=\"Tiempo de lectura\" \/>\n\t<meta name=\"twitter:data1\" content=\"2 minutos\" \/>\n<script type=\"application\/ld+json\" class=\"yoast-schema-graph\">{\"@context\":\"https:\/\/schema.org\",\"@graph\":[{\"@type\":\"WebPage\",\"@id\":\"https:\/\/atfassessors.com\/es\/explicacion-canal-de-denuncias\/\",\"url\":\"https:\/\/atfassessors.com\/es\/explicacion-canal-de-denuncias\/\",\"name\":\"Explicaci\u00f3n canal de denuncias - ATF ASSESSORS I CONSULTORS S.L.\",\"isPartOf\":{\"@id\":\"https:\/\/atfassessors.com\/#website\"},\"datePublished\":\"2023-11-23T13:10:37+00:00\",\"dateModified\":\"2024-03-27T09:53:50+00:00\",\"breadcrumb\":{\"@id\":\"https:\/\/atfassessors.com\/es\/explicacion-canal-de-denuncias\/#breadcrumb\"},\"inLanguage\":\"es\",\"potentialAction\":[{\"@type\":\"ReadAction\",\"target\":[\"https:\/\/atfassessors.com\/es\/explicacion-canal-de-denuncias\/\"]}]},{\"@type\":\"BreadcrumbList\",\"@id\":\"https:\/\/atfassessors.com\/es\/explicacion-canal-de-denuncias\/#breadcrumb\",\"itemListElement\":[{\"@type\":\"ListItem\",\"position\":1,\"name\":\"Inici\",\"item\":\"https:\/\/atfassessors.com\/es\/\"},{\"@type\":\"ListItem\",\"position\":2,\"name\":\"Explicaci\u00f3n canal de denuncias\"}]},{\"@type\":\"WebSite\",\"@id\":\"https:\/\/atfassessors.com\/#website\",\"url\":\"https:\/\/atfassessors.com\/\",\"name\":\"ATF ASSESSORS I CONSULTORS S.L.\",\"description\":\"La teva assessoria a Manresa\",\"publisher\":{\"@id\":\"https:\/\/atfassessors.com\/#organization\"},\"potentialAction\":[{\"@type\":\"SearchAction\",\"target\":{\"@type\":\"EntryPoint\",\"urlTemplate\":\"https:\/\/atfassessors.com\/?s={search_term_string}\"},\"query-input\":{\"@type\":\"PropertyValueSpecification\",\"valueRequired\":true,\"valueName\":\"search_term_string\"}}],\"inLanguage\":\"es\"},{\"@type\":\"Organization\",\"@id\":\"https:\/\/atfassessors.com\/#organization\",\"name\":\"ATF ASSESSORS I CONSULTORS S.L.\",\"url\":\"https:\/\/atfassessors.com\/\",\"logo\":{\"@type\":\"ImageObject\",\"inLanguage\":\"es\",\"@id\":\"https:\/\/atfassessors.com\/#\/schema\/logo\/image\/\",\"url\":\"https:\/\/atfassessors.com\/wp-content\/uploads\/2023\/03\/cropped-ATF-PNG.png\",\"contentUrl\":\"https:\/\/atfassessors.com\/wp-content\/uploads\/2023\/03\/cropped-ATF-PNG.png\",\"width\":512,\"height\":512,\"caption\":\"ATF ASSESSORS I CONSULTORS S.L.\"},\"image\":{\"@id\":\"https:\/\/atfassessors.com\/#\/schema\/logo\/image\/\"},\"sameAs\":[\"https:\/\/www.linkedin.com\/company\/atf-assessors-i-consultors-s-l-\/\"]}]}<\/script>\n<!-- \/ Yoast SEO plugin. -->","yoast_head_json":{"title":"Explicaci\u00f3n canal de denuncias - ATF ASSESSORS I CONSULTORS S.L.","robots":{"index":"index","follow":"follow","max-snippet":"max-snippet:-1","max-image-preview":"max-image-preview:large","max-video-preview":"max-video-preview:-1"},"canonical":"https:\/\/atfassessors.com\/es\/explicacion-canal-de-denuncias\/","og_locale":"es_ES","og_type":"article","og_title":"Explicaci\u00f3n canal de denuncias - ATF ASSESSORS I CONSULTORS S.L.","og_description":"Explicaci\u00f3n canal de denuncias El presente canal est\u00e1 dedicado exclusivamente para dirigir denuncias por incumplimientos legales de la organizaci\u00f3n o sus integrantes, en los t\u00e9rminos y condiciones de la Ley 2\/2023, de 20 de febrero, reguladora de la protecci\u00f3n de las personas que informen sobre infracciones normativas y de lucha contra la corrupci\u00f3n.&nbsp; Si tiene [&hellip;]","og_url":"https:\/\/atfassessors.com\/es\/explicacion-canal-de-denuncias\/","og_site_name":"ATF ASSESSORS I CONSULTORS S.L.","article_modified_time":"2024-03-27T09:53:50+00:00","twitter_card":"summary_large_image","twitter_misc":{"Tiempo de lectura":"2 minutos"},"schema":{"@context":"https:\/\/schema.org","@graph":[{"@type":"WebPage","@id":"https:\/\/atfassessors.com\/es\/explicacion-canal-de-denuncias\/","url":"https:\/\/atfassessors.com\/es\/explicacion-canal-de-denuncias\/","name":"Explicaci\u00f3n canal de denuncias - ATF ASSESSORS I CONSULTORS S.L.","isPartOf":{"@id":"https:\/\/atfassessors.com\/#website"},"datePublished":"2023-11-23T13:10:37+00:00","dateModified":"2024-03-27T09:53:50+00:00","breadcrumb":{"@id":"https:\/\/atfassessors.com\/es\/explicacion-canal-de-denuncias\/#breadcrumb"},"inLanguage":"es","potentialAction":[{"@type":"ReadAction","target":["https:\/\/atfassessors.com\/es\/explicacion-canal-de-denuncias\/"]}]},{"@type":"BreadcrumbList","@id":"https:\/\/atfassessors.com\/es\/explicacion-canal-de-denuncias\/#breadcrumb","itemListElement":[{"@type":"ListItem","position":1,"name":"Inici","item":"https:\/\/atfassessors.com\/es\/"},{"@type":"ListItem","position":2,"name":"Explicaci\u00f3n canal de denuncias"}]},{"@type":"WebSite","@id":"https:\/\/atfassessors.com\/#website","url":"https:\/\/atfassessors.com\/","name":"ATF ASSESSORS I CONSULTORS S.L.","description":"La teva assessoria a Manresa","publisher":{"@id":"https:\/\/atfassessors.com\/#organization"},"potentialAction":[{"@type":"SearchAction","target":{"@type":"EntryPoint","urlTemplate":"https:\/\/atfassessors.com\/?s={search_term_string}"},"query-input":{"@type":"PropertyValueSpecification","valueRequired":true,"valueName":"search_term_string"}}],"inLanguage":"es"},{"@type":"Organization","@id":"https:\/\/atfassessors.com\/#organization","name":"ATF ASSESSORS I CONSULTORS S.L.","url":"https:\/\/atfassessors.com\/","logo":{"@type":"ImageObject","inLanguage":"es","@id":"https:\/\/atfassessors.com\/#\/schema\/logo\/image\/","url":"https:\/\/atfassessors.com\/wp-content\/uploads\/2023\/03\/cropped-ATF-PNG.png","contentUrl":"https:\/\/atfassessors.com\/wp-content\/uploads\/2023\/03\/cropped-ATF-PNG.png","width":512,"height":512,"caption":"ATF ASSESSORS I CONSULTORS S.L."},"image":{"@id":"https:\/\/atfassessors.com\/#\/schema\/logo\/image\/"},"sameAs":["https:\/\/www.linkedin.com\/company\/atf-assessors-i-consultors-s-l-\/"]}]}},"_links":{"self":[{"href":"https:\/\/atfassessors.com\/es\/wp-json\/wp\/v2\/pages\/12847","targetHints":{"allow":["GET"]}}],"collection":[{"href":"https:\/\/atfassessors.com\/es\/wp-json\/wp\/v2\/pages"}],"about":[{"href":"https:\/\/atfassessors.com\/es\/wp-json\/wp\/v2\/types\/page"}],"author":[{"embeddable":true,"href":"https:\/\/atfassessors.com\/es\/wp-json\/wp\/v2\/users\/1"}],"replies":[{"embeddable":true,"href":"https:\/\/atfassessors.com\/es\/wp-json\/wp\/v2\/comments?post=12847"}],"version-history":[{"count":4,"href":"https:\/\/atfassessors.com\/es\/wp-json\/wp\/v2\/pages\/12847\/revisions"}],"predecessor-version":[{"id":12971,"href":"https:\/\/atfassessors.com\/es\/wp-json\/wp\/v2\/pages\/12847\/revisions\/12971"}],"wp:attachment":[{"href":"https:\/\/atfassessors.com\/es\/wp-json\/wp\/v2\/media?parent=12847"}],"curies":[{"name":"wp","href":"https:\/\/api.w.org\/{rel}","templated":true}]}}