{"id":12023,"date":"2020-06-10T18:10:31","date_gmt":"2020-06-10T18:10:31","guid":{"rendered":"https:\/\/atfassessors.com\/actualidad\/"},"modified":"2023-12-19T09:41:06","modified_gmt":"2023-12-19T09:41:06","slug":"actualidad","status":"publish","type":"page","link":"https:\/\/atfassessors.com\/es\/actualidad\/","title":{"rendered":"<a href=\"https:\/\/atfassessors.com\/ca\/blog\/\">Actualidad<\/a>"},"content":{"rendered":"\t\t<div data-elementor-type=\"wp-page\" data-elementor-id=\"12023\" class=\"elementor elementor-12023 elementor-422\" data-elementor-post-type=\"page\">\n\t\t\t\t\t\t<section class=\"elementor-section elementor-top-section elementor-element elementor-element-c3c3e41 elementor-section-boxed elementor-section-height-default elementor-section-height-default\" data-id=\"c3c3e41\" data-element_type=\"section\">\n\t\t\t\t\t\t<div class=\"elementor-container elementor-column-gap-default\">\n\t\t\t\t\t<div class=\"elementor-column elementor-col-100 elementor-top-column elementor-element elementor-element-44f8eb1\" data-id=\"44f8eb1\" data-element_type=\"column\">\n\t\t\t<div class=\"elementor-widget-wrap elementor-element-populated\">\n\t\t\t\t\t\t<section class=\"elementor-section elementor-inner-section elementor-element elementor-element-9a4bdc0 elementor-section-boxed elementor-section-height-default elementor-section-height-default\" data-id=\"9a4bdc0\" data-element_type=\"section\">\n\t\t\t\t\t\t<div class=\"elementor-container elementor-column-gap-default\">\n\t\t\t\t\t<div class=\"elementor-column elementor-col-100 elementor-inner-column elementor-element elementor-element-44ace20\" data-id=\"44ace20\" data-element_type=\"column\">\n\t\t\t<div class=\"elementor-widget-wrap elementor-element-populated\">\n\t\t\t\t\t\t<div class=\"elementor-element elementor-element-bc44116 elementor-widget elementor-widget-heading\" data-id=\"bc44116\" data-element_type=\"widget\" data-widget_type=\"heading.default\">\n\t\t\t\t<div class=\"elementor-widget-container\">\n\t\t\t<h1 class=\"elementor-heading-title elementor-size-default\">Noticias y Blog<\/h1>\t\t<\/div>\n\t\t\t\t<\/div>\n\t\t\t\t<div class=\"elementor-element elementor-element-2699f3f elementor-widget elementor-widget-witr_blog_section\" data-id=\"2699f3f\" data-element_type=\"widget\" data-widget_type=\"witr_blog_section.default\">\n\t\t\t\t<div class=\"elementor-widget-container\">\n\t\t\t\t\t\t<!-- Blog Section -->\r\n\t\t\t<div class=\"witr_blog_area13\">\r\n\t\t\t\t<div class=\"blog_wrap blogcar_id1\">\r\n\t\t\t\t\t\t\t\t\t\t\r\n\t\t\t\t\t\t<div class=\"witr_all_mb_30   col-md-12 col-xs-12 col-sm-12 \" >\r\n\t\t\t\t\t\t\t<div id=\"post-12199\" class=\"post-12199 post type-post status-publish format-standard has-post-thumbnail hentry category-soporte\">\r\n\t\t\t\t\t\t\t\t<div class=\"busi_singleBlog\">\r\n\t\t\t\t\t\t\t\t\t<!-- image -->\r\n\t\t\t\t\t\t\t\t\t\t\t\t\t\t\t\t\t\t<div class=\"witr_sb_thumb\">\r\n\t\t\t\t\t\t\t\t\t\t<a href=\"https:\/\/atfassessors.com\/es\/atf-en-linkedin\/\"> <img fetchpriority=\"high\" decoding=\"async\" width=\"390\" height=\"350\" src=\"https:\/\/atfassessors.com\/wp-content\/uploads\/2023\/06\/LinkedIn_logo_initials-390x350.png\" class=\"attachment-akin-blog-default size-akin-blog-default wp-post-image\" alt=\"\" \/> <\/a>\r\n\r\n\t\t\t\t\t\t\t\t\t\t\t\t\t\t\t\t\t\t\t\t\t<div class=\"witr_top_category\">\r\n\t\t\t\t\t\t\t\t\t\t\t\t<!-- category -->\r\n\t\t\t\t\t\t\t\t\t\t\t\t<span> <ul class=\"post-categories\">\n\t<li><a href=\"https:\/\/atfassessors.com\/es\/category\/soporte\/\" rel=\"category tag\">Soporte<\/a><\/li><\/ul><\/span>\r\n\t\t\t\t\t\t\t\t\t\t\t<\/div>\r\n\t\t\t\t\t\t\t\t\t\t\t\r\n\t\t\t\t\t\t\t\t\t<\/div>\t\r\n\t\t\t\t\t\t\t\t\t\t\t\t\t\t\t\t\t\t<div class=\"all_blog_color\">\t\r\n\t\t\t\t\t\t\t\t\t\t<div class=\"witr_blog_con bs5\">\r\n\t\t\t\t\t\t\t\t\t\t\t<div class=\"witr_blog_meta_potion\">\r\n\t\t\t\t\t\t\t\t\t\t\t\t<!-- author -->\r\n\t\t\t\t\t\t\t\t\t\t\t\t\t\t\t\t\t\t\t\t\t\t\r\n\t\t\t\t\t\t\t\t\t\t\t\t<!--  post meta -->\r\n\t\t\t\t\t\t\t\t\t\t\t\t\t\t\t\t\t\t\t\t\t\t\t\t\t\t\t\t\t\t\t\t\t\t\t\t\t\t\t<span><a href=\"https:\/\/atfassessors.com\/es\/author\/atfpredev\/\"><i class=\"icofont-user-alt-3\"><\/i> admin <\/a><\/span>\r\n\t\t\t\t\t\t\t\t\t\t\t\t\t\t\t\t\t\t\t\t\t\t\t\t\t\t\t\t\t\t\t\t\t\t\t\t\t\t\t\t\t\t\t\t\t\t\t\t\t\t\t\t\t\r\n\t\t\t\t\t\t\t\t\t\t\t\t\t\t\t\t\t\t\t\t\t\t\t\t\t\t\t\t\t\t\t\t\t\t\t\t\t\t\t\t\t\t\t\t\t\t\t\t\t\t\t\t<span><a href=\"#\"><i class=\"icofont-ui-clock\"><\/i><\/a> 08 Jun 2020<\/span>\r\n\t\t\t\t\t\t\t\t\t\t\t\t\t\t\t\t\t\t\t\t\t\t\t\t\t\t\t\t\t\t\t\t\t\t\t\t\t\t\t\t\r\n\t\t\t\t\t\t\t\t\t\t\t\t\t\t\t\t\t\t\t\t\t\t\t<\/div>\t\r\n\t\t\t\t\t\t\t\t\t\t\t<!-- title -->\r\n\t\t\t\t\t\t\t\t\t\t\t<h2><a href=\"https:\/\/atfassessors.com\/es\/atf-en-linkedin\/\">ATF en Linkedin<\/a><\/h2>\r\n\t\t\t\t\t\t\t\t\t\t\t<!-- content -->\r\n\t\t\t\t\t\t\t\t\t\t\t\t\t\t\t\t\t\t\t\t\t\t\t<p>A partir de 2023 hemos abierto un nuevo canal de<\/p>\t\t\t\t\t\t\t\t\t\t\t\t\t\t\t\t\t\t\t\t\t\t\r\n\t\t\t\t\t\t\t\t\t\t\t\t\t\t\t\t\t\t\t\t\t\t\t<div class=\"learn_more_adn\">\r\n\t\t\t\t\t\t\t\t\t\t\t\t  <a class=\"learn_btn adnbtn2\" href=\"https:\/\/atfassessors.com\/es\/atf-en-linkedin\/\">Llegeix m\u00e9s<\/a>\r\n\t\t\t\t\t\t\t\t\t\t\t\t<\/div>\r\n\t\t\t\t\t\t\t\t\t\t\t\t\t\t\t\t\t\t\t\t\t\r\n\t\t\t\t\t\t\t\t\t\t<\/div>\r\n\t\t\t\t\t\t\t\t\t<\/div>\r\n\t\t\t\t\t\t\t\t\t\r\n\t\t\t\t\t\t\t\t<\/div>\r\n\t\t\t\t\t\t\t<\/div>\r\n\t\t\t\t\t\t<\/div>\r\n\t\t\t\t\t\t\r\n\t\t\t\t\t\t\t\t\t\t\t\r\n\t\t\t\t<\/div>\r\n\t\t\t<\/div>\r\n\t\t\t<!-- Blog Section -->\t\t\t\t\t\t\t\t\t\t\t\t\r\n\t\t<script type='text\/javascript'>\r\n\t\t\tjQuery(function($){\t\t\t\t\r\n\t\t\t\tvar witrbslick = $('.blogcar_id1');\t\t\t\t\r\n\t\t\t\tif(witrbslick.length > 0){\r\n\t\t\t\twitrbslick.slick({\r\n\t\t\t\t\tinfinite: true,\r\n\t\t\t\t\tautoplay: true,\r\n\t\t\t\t\tautoplaySpeed: 3000,\r\n\t\t\t\t\tspeed: 1000,\t\t\t\t\t\r\n\t\t\t\t\tslidesToShow: 3,\r\n\t\t\t\t\tslidesToScroll: 1,\r\n\t\t\t\t\t\t\t\t\t\tarrows: false,\r\n\t\t\t\t\tdots: false,\r\n\t\t\t\t\tresponsive: [\r\n\t\t\t\t\t\t{\r\n\t\t\t\t\t\t\tbreakpoint: 1200,\r\n\t\t\t\t\t\t\tsettings: {\r\n\t\t\t\t\t\t\t\tslidesToShow: 3,\r\n\t\t\t\t\t\t\t\tslidesToScroll: 1,\r\n\t\t\t\t\t\t\t}\r\n\t\t\t\t\t},\r\n\t\t\t\t\t\t{\r\n\t\t\t\t\t\t\tbreakpoint: 992,\r\n\t\t\t\t\t\t\tsettings: {\r\n\t\t\t\t\t\t\t\tslidesToShow: 2,\r\n\t\t\t\t\t\t\t\tslidesToScroll: 1,\r\n\t\t\t\t\t\t\t}\r\n\t\t\t\t\t},\r\n\t\t\t\t\t\t{\r\n\t\t\t\t\t\t\tbreakpoint: 767,\r\n\t\t\t\t\t\t\tsettings: {\r\n\t\t\t\t\t\t\t\tslidesToShow: 1,\r\n\t\t\t\t\t\t\t\tslidesToScroll: 1,\r\n\t\t\t\t\t\t\t}\r\n\t\t\t\t\t}\r\n\t\t\t\t\t]\r\n\t\t\t\t});\r\n\t\t\t}\r\n\r\n\t\t\t});\r\n\t\t<\/script>\t\t\t\t<!-- START PAGINATION -->\n\t\t\t<div class=\"row\">\n\t\t\t\t<div class=\"col-md-12\">\n\t\t\t\t\t<div class=\"paginations\">\n\t\t\t\t\t\t\n\t\t\t\t\t\t\t\t\t\t\t<\/div>\n\t\t\t\t<\/div>\n\t\t\t<\/div>\t\t\t\t\t\t\t\t\t\t\t\t\t\t\t\n\t\t\n\t\t\t\n\t\t<\/div>\n\t\t\t\t<\/div>\n\t\t\t\t\t<\/div>\n\t\t<\/div>\n\t\t\t\t\t<\/div>\n\t\t<\/section>\n\t\t\t\t\t<\/div>\n\t\t<\/div>\n\t\t\t\t\t<\/div>\n\t\t<\/section>\n\t\t\t\t<\/div>\n\t\t","protected":false},"excerpt":{"rendered":"<p>Noticias y Blog Soporte admin 08 juny 2020 ATF en Linkedin A partir de 2023 hemos abierto un nuevo canal de Llegeix m\u00e9s<\/p>\n","protected":false},"author":1,"featured_media":0,"parent":0,"menu_order":0,"comment_status":"closed","ping_status":"closed","template":"template-home.php","meta":{"footnotes":""},"class_list":["post-12023","page","type-page","status-publish","hentry"],"yoast_head":"<!-- This site is optimized with the Yoast SEO plugin v23.4 - https:\/\/yoast.com\/wordpress\/plugins\/seo\/ -->\n<title>Noticias del \u00e1mbito fiscal, laboral y jur\u00eddico<\/title>\n<meta name=\"description\" content=\"Expertos en temas fiscales y laborales. Te detallamos las \u00faltimas noticias y novedades dels sector. \u00a1Cons\u00faltanos!\" \/>\n<meta name=\"robots\" content=\"index, follow, max-snippet:-1, max-image-preview:large, max-video-preview:-1\" \/>\n<link rel=\"canonical\" href=\"https:\/\/atfassessors.com\/es\/actualidad\/\" \/>\n<meta property=\"og:locale\" content=\"es_ES\" \/>\n<meta property=\"og:type\" content=\"article\" \/>\n<meta property=\"og:title\" content=\"Noticias del \u00e1mbito fiscal, laboral y jur\u00eddico\" \/>\n<meta property=\"og:description\" content=\"Expertos en temas fiscales y laborales. Te detallamos las \u00faltimas noticias y novedades dels sector. \u00a1Cons\u00faltanos!\" \/>\n<meta property=\"og:url\" content=\"https:\/\/atfassessors.com\/es\/actualidad\/\" \/>\n<meta property=\"og:site_name\" content=\"ATF ASSESSORS I CONSULTORS S.L.\" \/>\n<meta property=\"article:modified_time\" content=\"2023-12-19T09:41:06+00:00\" \/>\n<meta property=\"og:image\" content=\"https:\/\/atfassessors.com\/wp-content\/uploads\/2023\/06\/LinkedIn_logo_initials-390x350.png\" \/>\n<meta name=\"twitter:card\" content=\"summary_large_image\" \/>\n<meta name=\"twitter:label1\" content=\"Tiempo de lectura\" \/>\n\t<meta name=\"twitter:data1\" content=\"1 minuto\" \/>\n<script type=\"application\/ld+json\" class=\"yoast-schema-graph\">{\"@context\":\"https:\/\/schema.org\",\"@graph\":[{\"@type\":\"WebPage\",\"@id\":\"https:\/\/atfassessors.com\/es\/actualidad\/\",\"url\":\"https:\/\/atfassessors.com\/es\/actualidad\/\",\"name\":\"Noticias del \u00e1mbito fiscal, laboral y jur\u00eddico\",\"isPartOf\":{\"@id\":\"https:\/\/atfassessors.com\/#website\"},\"primaryImageOfPage\":{\"@id\":\"https:\/\/atfassessors.com\/es\/actualidad\/#primaryimage\"},\"image\":{\"@id\":\"https:\/\/atfassessors.com\/es\/actualidad\/#primaryimage\"},\"thumbnailUrl\":\"https:\/\/atfassessors.com\/wp-content\/uploads\/2023\/06\/LinkedIn_logo_initials-390x350.png\",\"datePublished\":\"2020-06-10T18:10:31+00:00\",\"dateModified\":\"2023-12-19T09:41:06+00:00\",\"description\":\"Expertos en temas fiscales y laborales. Te detallamos las \u00faltimas noticias y novedades dels sector. \u00a1Cons\u00faltanos!\",\"breadcrumb\":{\"@id\":\"https:\/\/atfassessors.com\/es\/actualidad\/#breadcrumb\"},\"inLanguage\":\"es\",\"potentialAction\":[{\"@type\":\"ReadAction\",\"target\":[\"https:\/\/atfassessors.com\/es\/actualidad\/\"]}]},{\"@type\":\"ImageObject\",\"inLanguage\":\"es\",\"@id\":\"https:\/\/atfassessors.com\/es\/actualidad\/#primaryimage\",\"url\":\"https:\/\/atfassessors.com\/wp-content\/uploads\/2023\/06\/LinkedIn_logo_initials-390x350.png\",\"contentUrl\":\"https:\/\/atfassessors.com\/wp-content\/uploads\/2023\/06\/LinkedIn_logo_initials-390x350.png\"},{\"@type\":\"BreadcrumbList\",\"@id\":\"https:\/\/atfassessors.com\/es\/actualidad\/#breadcrumb\",\"itemListElement\":[{\"@type\":\"ListItem\",\"position\":1,\"name\":\"Inici\",\"item\":\"https:\/\/atfassessors.com\/es\/\"},{\"@type\":\"ListItem\",\"position\":2,\"name\":\"Actualidad\"}]},{\"@type\":\"WebSite\",\"@id\":\"https:\/\/atfassessors.com\/#website\",\"url\":\"https:\/\/atfassessors.com\/\",\"name\":\"ATF ASSESSORS I CONSULTORS S.L.\",\"description\":\"La teva assessoria a Manresa\",\"publisher\":{\"@id\":\"https:\/\/atfassessors.com\/#organization\"},\"potentialAction\":[{\"@type\":\"SearchAction\",\"target\":{\"@type\":\"EntryPoint\",\"urlTemplate\":\"https:\/\/atfassessors.com\/?s={search_term_string}\"},\"query-input\":{\"@type\":\"PropertyValueSpecification\",\"valueRequired\":true,\"valueName\":\"search_term_string\"}}],\"inLanguage\":\"es\"},{\"@type\":\"Organization\",\"@id\":\"https:\/\/atfassessors.com\/#organization\",\"name\":\"ATF ASSESSORS I CONSULTORS S.L.\",\"url\":\"https:\/\/atfassessors.com\/\",\"logo\":{\"@type\":\"ImageObject\",\"inLanguage\":\"es\",\"@id\":\"https:\/\/atfassessors.com\/#\/schema\/logo\/image\/\",\"url\":\"https:\/\/atfassessors.com\/wp-content\/uploads\/2023\/03\/cropped-ATF-PNG.png\",\"contentUrl\":\"https:\/\/atfassessors.com\/wp-content\/uploads\/2023\/03\/cropped-ATF-PNG.png\",\"width\":512,\"height\":512,\"caption\":\"ATF ASSESSORS I CONSULTORS S.L.\"},\"image\":{\"@id\":\"https:\/\/atfassessors.com\/#\/schema\/logo\/image\/\"},\"sameAs\":[\"https:\/\/www.linkedin.com\/company\/atf-assessors-i-consultors-s-l-\/\"]}]}<\/script>\n<!-- \/ Yoast SEO plugin. -->","yoast_head_json":{"title":"Noticias del \u00e1mbito fiscal, laboral y jur\u00eddico","description":"Expertos en temas fiscales y laborales. Te detallamos las \u00faltimas noticias y novedades dels sector. \u00a1Cons\u00faltanos!","robots":{"index":"index","follow":"follow","max-snippet":"max-snippet:-1","max-image-preview":"max-image-preview:large","max-video-preview":"max-video-preview:-1"},"canonical":"https:\/\/atfassessors.com\/es\/actualidad\/","og_locale":"es_ES","og_type":"article","og_title":"Noticias del \u00e1mbito fiscal, laboral y jur\u00eddico","og_description":"Expertos en temas fiscales y laborales. Te detallamos las \u00faltimas noticias y novedades dels sector. \u00a1Cons\u00faltanos!","og_url":"https:\/\/atfassessors.com\/es\/actualidad\/","og_site_name":"ATF ASSESSORS I CONSULTORS S.L.","article_modified_time":"2023-12-19T09:41:06+00:00","og_image":[{"url":"https:\/\/atfassessors.com\/wp-content\/uploads\/2023\/06\/LinkedIn_logo_initials-390x350.png"}],"twitter_card":"summary_large_image","twitter_misc":{"Tiempo de lectura":"1 minuto"},"schema":{"@context":"https:\/\/schema.org","@graph":[{"@type":"WebPage","@id":"https:\/\/atfassessors.com\/es\/actualidad\/","url":"https:\/\/atfassessors.com\/es\/actualidad\/","name":"Noticias del \u00e1mbito fiscal, laboral y jur\u00eddico","isPartOf":{"@id":"https:\/\/atfassessors.com\/#website"},"primaryImageOfPage":{"@id":"https:\/\/atfassessors.com\/es\/actualidad\/#primaryimage"},"image":{"@id":"https:\/\/atfassessors.com\/es\/actualidad\/#primaryimage"},"thumbnailUrl":"https:\/\/atfassessors.com\/wp-content\/uploads\/2023\/06\/LinkedIn_logo_initials-390x350.png","datePublished":"2020-06-10T18:10:31+00:00","dateModified":"2023-12-19T09:41:06+00:00","description":"Expertos en temas fiscales y laborales. Te detallamos las \u00faltimas noticias y novedades dels sector. \u00a1Cons\u00faltanos!","breadcrumb":{"@id":"https:\/\/atfassessors.com\/es\/actualidad\/#breadcrumb"},"inLanguage":"es","potentialAction":[{"@type":"ReadAction","target":["https:\/\/atfassessors.com\/es\/actualidad\/"]}]},{"@type":"ImageObject","inLanguage":"es","@id":"https:\/\/atfassessors.com\/es\/actualidad\/#primaryimage","url":"https:\/\/atfassessors.com\/wp-content\/uploads\/2023\/06\/LinkedIn_logo_initials-390x350.png","contentUrl":"https:\/\/atfassessors.com\/wp-content\/uploads\/2023\/06\/LinkedIn_logo_initials-390x350.png"},{"@type":"BreadcrumbList","@id":"https:\/\/atfassessors.com\/es\/actualidad\/#breadcrumb","itemListElement":[{"@type":"ListItem","position":1,"name":"Inici","item":"https:\/\/atfassessors.com\/es\/"},{"@type":"ListItem","position":2,"name":"Actualidad"}]},{"@type":"WebSite","@id":"https:\/\/atfassessors.com\/#website","url":"https:\/\/atfassessors.com\/","name":"ATF ASSESSORS I CONSULTORS S.L.","description":"La teva assessoria a Manresa","publisher":{"@id":"https:\/\/atfassessors.com\/#organization"},"potentialAction":[{"@type":"SearchAction","target":{"@type":"EntryPoint","urlTemplate":"https:\/\/atfassessors.com\/?s={search_term_string}"},"query-input":{"@type":"PropertyValueSpecification","valueRequired":true,"valueName":"search_term_string"}}],"inLanguage":"es"},{"@type":"Organization","@id":"https:\/\/atfassessors.com\/#organization","name":"ATF ASSESSORS I CONSULTORS S.L.","url":"https:\/\/atfassessors.com\/","logo":{"@type":"ImageObject","inLanguage":"es","@id":"https:\/\/atfassessors.com\/#\/schema\/logo\/image\/","url":"https:\/\/atfassessors.com\/wp-content\/uploads\/2023\/03\/cropped-ATF-PNG.png","contentUrl":"https:\/\/atfassessors.com\/wp-content\/uploads\/2023\/03\/cropped-ATF-PNG.png","width":512,"height":512,"caption":"ATF ASSESSORS I CONSULTORS S.L."},"image":{"@id":"https:\/\/atfassessors.com\/#\/schema\/logo\/image\/"},"sameAs":["https:\/\/www.linkedin.com\/company\/atf-assessors-i-consultors-s-l-\/"]}]}},"_links":{"self":[{"href":"https:\/\/atfassessors.com\/es\/wp-json\/wp\/v2\/pages\/12023","targetHints":{"allow":["GET"]}}],"collection":[{"href":"https:\/\/atfassessors.com\/es\/wp-json\/wp\/v2\/pages"}],"about":[{"href":"https:\/\/atfassessors.com\/es\/wp-json\/wp\/v2\/types\/page"}],"author":[{"embeddable":true,"href":"https:\/\/atfassessors.com\/es\/wp-json\/wp\/v2\/users\/1"}],"replies":[{"embeddable":true,"href":"https:\/\/atfassessors.com\/es\/wp-json\/wp\/v2\/comments?post=12023"}],"version-history":[{"count":21,"href":"https:\/\/atfassessors.com\/es\/wp-json\/wp\/v2\/pages\/12023\/revisions"}],"predecessor-version":[{"id":12919,"href":"https:\/\/atfassessors.com\/es\/wp-json\/wp\/v2\/pages\/12023\/revisions\/12919"}],"wp:attachment":[{"href":"https:\/\/atfassessors.com\/es\/wp-json\/wp\/v2\/media?parent=12023"}],"curies":[{"name":"wp","href":"https:\/\/api.w.org\/{rel}","templated":true}]}}