{"id":12011,"date":"2023-03-03T15:51:18","date_gmt":"2023-03-03T15:51:18","guid":{"rendered":"https:\/\/atfassessors.com\/subvencions\/"},"modified":"2024-03-27T09:54:32","modified_gmt":"2024-03-27T09:54:32","slug":"subvenciones","status":"publish","type":"page","link":"https:\/\/atfassessors.com\/es\/subvenciones\/","title":{"rendered":"Subvenciones"},"content":{"rendered":"\t\t<div data-elementor-type=\"wp-page\" data-elementor-id=\"12011\" class=\"elementor elementor-12011 elementor-11362\" data-elementor-post-type=\"page\">\n\t\t\t\t\t\t<section class=\"elementor-section elementor-top-section elementor-element elementor-element-5aa8919f elementor-section-boxed elementor-section-height-default elementor-section-height-default\" data-id=\"5aa8919f\" data-element_type=\"section\">\n\t\t\t\t\t\t<div class=\"elementor-container elementor-column-gap-default\">\n\t\t\t\t\t<div class=\"elementor-column elementor-col-50 elementor-top-column elementor-element elementor-element-136a1e87\" data-id=\"136a1e87\" data-element_type=\"column\">\n\t\t\t<div class=\"elementor-widget-wrap elementor-element-populated\">\n\t\t\t\t\t\t<div class=\"elementor-element elementor-element-1a07b0f5 elementor-hidden-desktop akin-star-rating--align-center elementor-widget elementor-widget-witr_section_title\" data-id=\"1a07b0f5\" data-element_type=\"widget\" data-widget_type=\"witr_section_title.default\">\n\t\t\t\t<div class=\"elementor-widget-container\">\n\t\t\t\t\t\t\t\t<!-- title center -->\n\t\t\t\t\t<div class=\"witr_section_title\">\n\t\t\t\t\t\t<div class=\"witr_section_title_inner text-center\">\n\n\t\t\t\t\t\t\t<!-- icon position -->\n\t\t\t\t\t\t\t\t\n\t\t\t\t\t\t\t<!-- end icon position -->\n\t\t\t\t\t\t\t\n\t\t\t\t\t\t\n\t\t\t\t\t\t\t<!-- title top -->\n\t\t\t\t\t\t\t\n\n\t\t\t\t\t\t\t<!-- icon position -->\n\t\t\t\t\t\t\t\t\n\t\t\t\t\t\t\t<!-- end icon position -->\n\n\n\t\t\t\t\t\t\t\n\t\t\t\t\t\t\t<!-- title middle -->\n\t\t\t\t\t\t\t\t\t\t\t\t\t\t\t<h3>Subvenciones<\/h3>\t\t\n\t\t\t\t\t\t\t\t\t\t\t\t\t\t<!-- title bottom -->\n\t\t\t\t\t\t\t\n\t\t\t\t\t\t\t\n\t\t\t\t\t\t\t\n\t\t\t\t\t\t\t\t\t\t\t\t\t\t\n\t\t\t\t\t\t\t<!-- image -->\n\t\t\t\t\t\t\t\t\t\t\t\t\t\t<!-- icon -->\n\t\t\t\t\t\t\t\t\t\t\t\t\t\t\n\t\t\t\t\t\t\t<!-- bar -->\n\t\t\t\t\t\t\t\t\t\t\t\t\t\t\n\t\t\t\t\t\t\t\t<div class=\"witr_bar_main\">\n\t\t\t\t\t\t\t\t\t<div class=\"witr_bar_inner\">\n\t\t\t\t\t\t\t\t\t<\/div>\n\t\t\t\t\t\t\t\t<\/div>\n\t\t\t\t\t\t\t\t\t\t\t\t\t\t<!-- circle bar -->\n\t\t\t\t\t\t\t\t\t\t\t\t\t\t\n\t\t\t\t\t\t\t\t\n\t\t\t\t\t\t\t\n\n\t\t\t\t\t\t\t\n\t\t\t\t\t\t\t<!-- content -->\n\t\t\t\t\t\t\t\t\t\t\t\t\t\t\t<p>Nuestro equipo de profesionales est\u00e1 en constante revisi\u00f3n de las subvenciones disponibles y futuras de cualquier ente p\u00fablico. <br><br>\n\nTratamos de realizar un primer filtro para determinar qu\u00e9 posible subvenci\u00f3n es la correcta para cada tipolog\u00eda de cliente. Creamos un marco normativo donde se estipulan los requisitos, obligaciones y deberes de cada subvenci\u00f3n y la trasladamos a todos aquellos clientes que se puedan beneficiar. <br><br>\n\nUna vez gestionada la solicitud, realizamos el seguimiento del estado del tr\u00e1mite para agilizar cualquier posible incompatibilidad o demora en la aceptaci\u00f3n de estas para poder responder a cualquier incidencia con la m\u00e1xima celeridad posible. \n<br><br>\nY finalmente una vez aceptada la subvenci\u00f3n, nuestro equipo est\u00e1 enfocado a la justificaci\u00f3n que requiere cada una. Con una relaci\u00f3n estrecha con cada cliente, se marcan los plazos y documentaci\u00f3n necesaria para la justificaci\u00f3n y se aporten el informe o documentaci\u00f3n que sea necesaria para cada tr\u00e1mite.\n <\/p>\t\t\n\t\t\t\t\t\t\t\t\t\t\t\t\t\t\n\t\t\t\t\t\t<\/div>\n\t\t\t\t\t\t\t<!-- inner title -->\n\t\t\t\t\t\t\t\t\t\t\t\t\t\n\t\t\t\t\t<\/div>\n\n\t\t\t\t\t\t<\/div>\n\t\t\t\t<\/div>\n\t\t\t\t<div class=\"elementor-element elementor-element-96a69a9 elementor-hidden-tablet elementor-hidden-mobile akin-star-rating--align-center elementor-widget elementor-widget-witr_section_title\" data-id=\"96a69a9\" data-element_type=\"widget\" data-widget_type=\"witr_section_title.default\">\n\t\t\t\t<div class=\"elementor-widget-container\">\n\t\t\t\t\t\t\t\t<!-- title left -->\n\t\t\t\t\t<div class=\"witr_section_title\">\n\t\t\t\t\t\t<div class=\"witr_section_title_inner text-left\">\n\t\t\t\t\t\t\n\t\t\t\t\t\t\t<!-- icon position -->\n\t\t\t\t\t\t\t\t\n\t\t\t\t\t\t\t<!-- end icon position -->\n\t\t\t\t\t\t\n\t\t\t\t\t\t\n\t\t\t\t\t\t\t<!-- title top -->\n\t\t\t\t\t\t\t\n\t\t\t\t\t\t\t<!-- icon position -->\n\t\t\t\t\t\t\t\t\n\t\t\t\t\t\t\t<!-- end icon position -->\n\n\t\t\t\t\t\t\t\n\t\t\t\t\t\t\t<!-- title middle -->\n\t\t\t\t\t\t\t\t\t\t\t\t\t\t\t<h3><h1>Subvenciones<\/h1><\/h3>\t\t\n\t\t\t\t\t\t\t\t\t\t\t\t\t\t<!-- title bottom -->\n\t\t\t\t\t\t\t\t\t\t\t\t\t\t\n\t\t\t\t\t\t\t<!-- icon position -->\n\t\t\t\t\t\t\t\t\t\t\t\t\t\t\n\t\t\t\t\t\t\t<!-- image -->\n\t\t\t\t\t\t\t\t\t\t\t\t\t\t<!-- icon -->\n\t\t\t\t\t\t\t\t\t\t\t\t\t\t\n\t\t\t\t\t\t\t<!-- bar -->\n\t\t\t\t\t\t\t\t\t\t\t\t\t\t\n\t\t\t\t\t\t\t\t<div class=\"witr_bar_main\">\n\t\t\t\t\t\t\t\t\t<div class=\"witr_bar_inner\">\n\t\t\t\t\t\t\t\t\t<\/div>\n\t\t\t\t\t\t\t\t<\/div>\n\t\t\t\t\t\t\t\t\t\t\t\t\t\t<!-- circle bar -->\n\t\t\t\t\t\t\t\t\t\t\t\t\t\t\n\t\t\t\t\t\t\t\t\n\t\t\t\t\t\t\t<!-- end icon position -->\n\n\t\t\t\t\t\t\t<!-- content -->\n\t\t\t\t\t\t\t\t\t\t\t\t\t\t\t<p>Nuestro equipo de profesionales est\u00e1 en constante revisi\u00f3n de las subvenciones disponibles y futuras de cualquier ente p\u00fablico. <br>\n<br>\nTratamos de realizar un primer filtro para determinar qu\u00e9 posible subvenci\u00f3n es la correcta para cada tipolog\u00eda de cliente. Creamos un marco normativo donde se estipulan los requisitos, obligaciones y deberes de cada subvenci\u00f3n y la trasladamos a todos aquellos clientes que se puedan beneficiar. <br>\n<br>\nUna vez gestionada la solicitud, realizamos el seguimiento del estado del tr\u00e1mite para agilizar cualquier posible incompatibilidad o demora en la aceptaci\u00f3n de estas para poder responder a cualquier incidencia con la m\u00e1xima celeridad posible. \n<br><br>\nY finalmente una vez aceptada la subvenci\u00f3n, nuestro equipo est\u00e1 enfocado a la justificaci\u00f3n que requiere cada una. Con una relaci\u00f3n estrecha con cada cliente, se marcan los plazos y documentaci\u00f3n necesaria para la justificaci\u00f3n y se aporten el informe o documentaci\u00f3n que sea necesaria para cada tr\u00e1mite. <\/p>\t\t\n\t\t\t\t\t\t\t\t\t\t\t\t\t<\/div>\n\t\t\t\t\t\t\t<!-- inner title -->\n\t\t\t\t\t\t\t\t\t\t\t\t\t\n\t\t\t\t\t<\/div>\t\t\t\t\n\t\t\t\t\t\t<\/div>\n\t\t\t\t<\/div>\n\t\t\t\t\t<\/div>\n\t\t<\/div>\n\t\t\t\t<div class=\"elementor-column elementor-col-50 elementor-top-column elementor-element elementor-element-78cbaadd\" data-id=\"78cbaadd\" data-element_type=\"column\">\n\t\t\t<div class=\"elementor-widget-wrap elementor-element-populated\">\n\t\t\t\t\t\t<div class=\"elementor-element elementor-element-2e07d537 elementor-widget elementor-widget-witr_section_s_image\" data-id=\"2e07d537\" data-element_type=\"widget\" data-widget_type=\"witr_section_s_image.default\">\n\t\t\t\t<div class=\"elementor-widget-container\">\n\t\t\t\t\n\t\t<div class=\"single_image_area\">\n\t\t\t<div class=\"single_image single_line_option  \">\n\t\t\t\t<!-- image -->\n\t\t\t\t\t\t\t\t\t<img decoding=\"async\" src=\"https:\/\/atfassessors.com\/wp-content\/uploads\/2023\/03\/empresa.png\" alt=\"\" \/>\n\t\t\t\t\t\t\n\t\t\t\t\t\t\t\t\t\t\t<\/div>\n\t\t<\/div>\n\t\t\t\n\t\t\t\n\t\t\n\t\t\t\n\t\t\t\t<\/div>\n\t\t\t\t<\/div>\n\t\t\t\t\t<\/div>\n\t\t<\/div>\n\t\t\t\t\t<\/div>\n\t\t<\/section>\n\t\t\t\t<section class=\"elementor-section elementor-top-section elementor-element elementor-element-75d3a00c elementor-section-full_width elementor-section-height-default elementor-section-height-default\" data-id=\"75d3a00c\" data-element_type=\"section\">\n\t\t\t\t\t\t<div class=\"elementor-container elementor-column-gap-default\">\n\t\t\t\t\t<div class=\"elementor-column elementor-col-100 elementor-top-column elementor-element elementor-element-2f80c506\" data-id=\"2f80c506\" data-element_type=\"column\">\n\t\t\t<div class=\"elementor-widget-wrap elementor-element-populated\">\n\t\t\t\t\t\t<div class=\"elementor-element elementor-element-534e4d3e akin-star-rating--align-center elementor-widget elementor-widget-witr_section_title\" data-id=\"534e4d3e\" data-element_type=\"widget\" data-widget_type=\"witr_section_title.default\">\n\t\t\t\t<div class=\"elementor-widget-container\">\n\t\t\t\t\t\t\t\t<!-- title center -->\n\t\t\t\t\t<div class=\"witr_section_title\">\n\t\t\t\t\t\t<div class=\"witr_section_title_inner text-center\">\n\n\t\t\t\t\t\t\t<!-- icon position -->\n\t\t\t\t\t\t\t\t\n\t\t\t\t\t\t\t<!-- end icon position -->\n\t\t\t\t\t\t\t\n\t\t\t\t\t\t\n\t\t\t\t\t\t\t<!-- title top -->\n\t\t\t\t\t\t\t\t\t\t\t\t\t\t\t<h2>Nuestro<\/h2>\t\t\n\t\t\t\t\t\t\t\n\n\t\t\t\t\t\t\t<!-- icon position -->\n\t\t\t\t\t\t\t\t\n\t\t\t\t\t\t\t<!-- end icon position -->\n\n\n\t\t\t\t\t\t\t\n\t\t\t\t\t\t\t<!-- title middle -->\n\t\t\t\t\t\t\t\t\t\t\t\t\t\t\t<h3>Equipo<\/h3>\t\t\n\t\t\t\t\t\t\t\t\t\t\t\t\t\t<!-- title bottom -->\n\t\t\t\t\t\t\t\n\t\t\t\t\t\t\t\n\t\t\t\t\t\t\t\n\t\t\t\t\t\t\t\t\t\t\t\t\t\t\n\t\t\t\t\t\t\t<!-- image -->\n\t\t\t\t\t\t\t\t\t\t\t\t\t\t<!-- icon -->\n\t\t\t\t\t\t\t\t\t\t\t\t\t\t\n\t\t\t\t\t\t\t<!-- bar -->\n\t\t\t\t\t\t\t\t\t\t\t\t\t\t\n\t\t\t\t\t\t\t\t<div class=\"witr_bar_main\">\n\t\t\t\t\t\t\t\t\t<div class=\"witr_bar_inner\">\n\t\t\t\t\t\t\t\t\t<\/div>\n\t\t\t\t\t\t\t\t<\/div>\n\t\t\t\t\t\t\t\t\t\t\t\t\t\t<!-- circle bar -->\n\t\t\t\t\t\t\t\t\t\t\t\t\t\t\n\t\t\t\t\t\t\t\t\n\t\t\t\t\t\t\t\n\n\t\t\t\t\t\t\t\n\t\t\t\t\t\t\t<!-- content -->\n\t\t\t\t\t\t\t\t\t\t\t\t\t\t\n\t\t\t\t\t\t<\/div>\n\t\t\t\t\t\t\t<!-- inner title -->\n\t\t\t\t\t\t\t\t\t\t\t\t\t\n\t\t\t\t\t<\/div>\n\n\t\t\t\t\t\t<\/div>\n\t\t\t\t<\/div>\n\t\t\t\t\t<\/div>\n\t\t<\/div>\n\t\t\t\t\t<\/div>\n\t\t<\/section>\n\t\t\t\t<section class=\"elementor-section elementor-top-section elementor-element elementor-element-682bff26 elementor-section-boxed elementor-section-height-default elementor-section-height-default\" data-id=\"682bff26\" data-element_type=\"section\">\n\t\t\t\t\t\t<div class=\"elementor-container elementor-column-gap-default\">\n\t\t\t\t\t<div class=\"elementor-column elementor-col-100 elementor-top-column elementor-element elementor-element-68e159d9\" data-id=\"68e159d9\" data-element_type=\"column\">\n\t\t\t<div class=\"elementor-widget-wrap elementor-element-populated\">\n\t\t\t\t\t\t<div class=\"elementor-element elementor-element-339d2ad2 elementor-widget elementor-widget-premium-carousel-widget\" data-id=\"339d2ad2\" data-element_type=\"widget\" data-widget_type=\"premium-carousel-widget.default\">\n\t\t\t\t<div class=\"elementor-widget-container\">\n\t\t\t\n\t\t<div id=\"premium-carousel-wrapper-339d2ad2\" class=\"premium-carousel-wrapper premium-carousel-hidden carousel-wrapper-339d2ad2   premium-carousel-dots-below\" data-settings=\"{&quot;vertical&quot;:false,&quot;slidesToScroll&quot;:3,&quot;slidesToShow&quot;:3,&quot;infinite&quot;:true,&quot;speed&quot;:300,&quot;fade&quot;:false,&quot;autoplay&quot;:true,&quot;autoplaySpeed&quot;:5000,&quot;draggable&quot;:true,&quot;touchMove&quot;:true,&quot;rtl&quot;:false,&quot;adaptiveHeight&quot;:false,&quot;variableWidth&quot;:false,&quot;cssEase&quot;:&quot;ease&quot;,&quot;pauseOnHover&quot;:false,&quot;centerMode&quot;:false,&quot;arrows&quot;:false,&quot;dots&quot;:true,&quot;slidesDesk&quot;:3,&quot;slidesTab&quot;:1,&quot;slidesMob&quot;:1,&quot;animation&quot;:&quot;null&quot;,&quot;tabletBreak&quot;:1025,&quot;mobileBreak&quot;:768,&quot;navigation&quot;:[],&quot;carouselNavigation&quot;:&quot;dots&quot;,&quot;templatesNumber&quot;:2}\">\n\t\t\t\t\t\t<div class=\"premium-carousel-nav-dot\">\n\t\t\t\t\t\t\t\t<i class=\"fas fa-circle\" aria-hidden=\"true\"><\/i>\n\t\t\t\t\t\t\t\t<\/div>\n\t\t\t\t\t\t\t<div id=\"premium-carousel-339d2ad2\" class=\"premium-carousel-inner\">\n\t\t\t\t\t\t<div class=\"premium-carousel-template item-wrapper\">\n\t\t\t\t\t<style>.elementor-12710 .elementor-element.elementor-element-0897a6d .team-part,.elementor-12710 .elementor-element.elementor-element-0897a6d .front_view{border-style:default;}<\/style>\t\t<div data-elementor-type=\"page\" data-elementor-id=\"12710\" class=\"elementor elementor-12710 elementor-11562 elementor-11562\" data-elementor-post-type=\"elementor_library\">\n\t\t\t\t\t\t<section class=\"elementor-section elementor-top-section elementor-element elementor-element-e594d9c elementor-section-boxed elementor-section-height-default elementor-section-height-default\" data-id=\"e594d9c\" data-element_type=\"section\">\n\t\t\t\t\t\t<div class=\"elementor-container elementor-column-gap-default\">\n\t\t\t\t\t<div class=\"elementor-column elementor-col-100 elementor-top-column elementor-element elementor-element-9986974\" data-id=\"9986974\" data-element_type=\"column\">\n\t\t\t<div class=\"elementor-widget-wrap elementor-element-populated\">\n\t\t\t\t\t\t<div class=\"elementor-element elementor-element-0897a6d elementor-widget elementor-widget-witr_section_team\" data-id=\"0897a6d\" data-element_type=\"widget\" data-widget_type=\"witr_section_team.default\">\n\t\t\t\t<div class=\"elementor-widget-container\">\n\t\t\t\t\t\t\t\n\t\t\n\t\t\t<div class=\"team-part all_color_team \">\n\t\t\t\t<div class=\"witr_team_section\">\n\t\t\t\t\t<!-- image -->\n\t\t\t\t\t\t\t\t\t\t\t<img decoding=\"async\" src=\"https:\/\/atfassessors.com\/wp-content\/uploads\/2023\/03\/IMMA-VILA-scaled.jpeg\" alt=\"\">\t\t\n\t\t\t\t\t\t\t\t\t\t\t\t\t\t\t\t<div class=\"team_overlay_icon all_team_icon_o_color\">\n\t\t\t\t\t\t\t<a href=\"mailto:atffis1@atfassessors.com\">\n\t\t\t\t\t\t\t<!-- icon -->\n\t\t\t\t\t\t\t\t\t\t\t\t\t\t\t<i class=\"flaticon flaticon-mail\"><\/i>\n\t\t\t\t\t\t\t\t\t\t\t\t\t\t<\/a>\n\t\t\t\t\t\t<\/div>\n\t\t\t\t\t\t\t\t\t<\/div> <!-- team sec -->\n\t\t\t\t<div class=\"witr_team_content all_content_bg_color text-center\">\n\t\t\t\t\t<!-- title -->\n\t\t\t\t\t\t\t\t\t\t\t\t\t\t\t<h5>Imma Vil\u00e0 <\/h5>\n\t\t\t\t\t\t\t\t\t\t\t\t\t\t\t\n\t\t\t\t\t<!-- subtitle -->\n\t\t\t\t\t\t\t\t\t\t\t<span>Registros P\u00fablicos <\/span>\t\n\t\t\t\t\t\t\t\t\t\n\t\t\t\t<\/div> <!-- team conten -->\n\t\t\t<\/div>\t\t\n\t\t\t\t<\/div>\n\t\t\t\t<\/div>\n\t\t\t\t\t<\/div>\n\t\t<\/div>\n\t\t\t\t\t<\/div>\n\t\t<\/section>\n\t\t\t\t<\/div>\n\t\t\t\t\t\t\t\t\t\t\t<\/div>\n\t\t\t\t\t\t\t\t<div class=\"premium-carousel-template item-wrapper\">\n\t\t\t\t\t<style>.elementor-12681 .elementor-element.elementor-element-0897a6d .team-part,.elementor-12681 .elementor-element.elementor-element-0897a6d .front_view{border-style:default;}<\/style>\t\t<div data-elementor-type=\"page\" data-elementor-id=\"12681\" class=\"elementor elementor-12681 elementor-11535 elementor-11535\" data-elementor-post-type=\"elementor_library\">\n\t\t\t\t\t\t<section class=\"elementor-section elementor-top-section elementor-element elementor-element-e594d9c elementor-section-boxed elementor-section-height-default elementor-section-height-default\" data-id=\"e594d9c\" data-element_type=\"section\">\n\t\t\t\t\t\t<div class=\"elementor-container elementor-column-gap-default\">\n\t\t\t\t\t<div class=\"elementor-column elementor-col-100 elementor-top-column elementor-element elementor-element-9986974\" data-id=\"9986974\" data-element_type=\"column\">\n\t\t\t<div class=\"elementor-widget-wrap elementor-element-populated\">\n\t\t\t\t\t\t<div class=\"elementor-element elementor-element-0897a6d elementor-widget elementor-widget-witr_section_team\" data-id=\"0897a6d\" data-element_type=\"widget\" data-widget_type=\"witr_section_team.default\">\n\t\t\t\t<div class=\"elementor-widget-container\">\n\t\t\t\t\t\t\t\n\t\t\n\t\t\t<div class=\"team-part all_color_team \">\n\t\t\t\t<div class=\"witr_team_section\">\n\t\t\t\t\t<!-- image -->\n\t\t\t\t\t\t\t\t\t\t\t<img decoding=\"async\" src=\"https:\/\/atfassessors.com\/wp-content\/uploads\/2023\/03\/LAIA-TOSSES-scaled.jpeg\" alt=\"\">\t\t\n\t\t\t\t\t\t\t\t\t\t\t\t\t\t\t\t<div class=\"team_overlay_icon all_team_icon_o_color\">\n\t\t\t\t\t\t\t<a href=\"mailto: info@atfassessors.com\">\n\t\t\t\t\t\t\t<!-- icon -->\n\t\t\t\t\t\t\t\t\t\t\t\t\t\t\t<i class=\"flaticon flaticon-mail\"><\/i>\n\t\t\t\t\t\t\t\t\t\t\t\t\t\t<\/a>\n\t\t\t\t\t\t<\/div>\n\t\t\t\t\t\t\t\t\t<\/div> <!-- team sec -->\n\t\t\t\t<div class=\"witr_team_content all_content_bg_color text-center\">\n\t\t\t\t\t<!-- title -->\n\t\t\t\t\t\t\t\t\t\t\t\t\t\t\t<h5>Laia Toses <\/h5>\n\t\t\t\t\t\t\t\t\t\t\t\t\t\t\t\n\t\t\t\t\t<!-- subtitle -->\n\t\t\t\t\t\t\t\t\t\t\t<span>Registros P\u00fablicos  <\/span>\t\n\t\t\t\t\t\t\t\t\t\n\t\t\t\t<\/div> <!-- team conten -->\n\t\t\t<\/div>\t\t\n\t\t\t\t<\/div>\n\t\t\t\t<\/div>\n\t\t\t\t\t<\/div>\n\t\t<\/div>\n\t\t\t\t\t<\/div>\n\t\t<\/section>\n\t\t\t\t<\/div>\n\t\t\t\t\t\t\t\t\t\t\t<\/div>\n\t\t\t\t\t\t\t<\/div>\n\t\t\t\t\t<\/div>\n\t\t\t\t<\/div>\n\t\t\t\t<\/div>\n\t\t\t\t\t<\/div>\n\t\t<\/div>\n\t\t\t\t\t<\/div>\n\t\t<\/section>\n\t\t\t\t<\/div>\n\t\t","protected":false},"excerpt":{"rendered":"<p>Subvenciones Nuestro equipo de profesionales est\u00e1 en constante revisi\u00f3n de las subvenciones disponibles y futuras de cualquier ente p\u00fablico. Tratamos de realizar un primer filtro para determinar qu\u00e9 posible subvenci\u00f3n es la correcta para cada tipolog\u00eda de cliente. Creamos un marco normativo donde se estipulan los requisitos, obligaciones y deberes de cada subvenci\u00f3n y la [&hellip;]<\/p>\n","protected":false},"author":1,"featured_media":0,"parent":0,"menu_order":0,"comment_status":"closed","ping_status":"closed","template":"template-home.php","meta":{"footnotes":""},"class_list":["post-12011","page","type-page","status-publish","hentry"],"yoast_head":"<!-- This site is optimized with the Yoast SEO plugin v23.4 - https:\/\/yoast.com\/wordpress\/plugins\/seo\/ -->\n<title>Gesti\u00f3n de Subvenciones - M\u00e1ximo \u00c9xito Asegurado<\/title>\n<meta name=\"description\" content=\"Expertos en gesti\u00f3n de subvenciones. Te ayudamos a obtener financiamiento para tus proyectos. \u00a1Cons\u00faltanos!\" \/>\n<meta name=\"robots\" content=\"index, follow, max-snippet:-1, max-image-preview:large, max-video-preview:-1\" \/>\n<link rel=\"canonical\" href=\"https:\/\/atfassessors.com\/es\/subvenciones\/\" \/>\n<meta property=\"og:locale\" content=\"es_ES\" \/>\n<meta property=\"og:type\" content=\"article\" \/>\n<meta property=\"og:title\" content=\"Gesti\u00f3n de Subvenciones - M\u00e1ximo \u00c9xito Asegurado\" \/>\n<meta property=\"og:description\" content=\"Expertos en gesti\u00f3n de subvenciones. Te ayudamos a obtener financiamiento para tus proyectos. \u00a1Cons\u00faltanos!\" \/>\n<meta property=\"og:url\" content=\"https:\/\/atfassessors.com\/es\/subvenciones\/\" \/>\n<meta property=\"og:site_name\" content=\"ATF ASSESSORS I CONSULTORS S.L.\" \/>\n<meta property=\"article:modified_time\" content=\"2024-03-27T09:54:32+00:00\" \/>\n<meta property=\"og:image\" content=\"https:\/\/atfassessors.com\/wp-content\/uploads\/2023\/03\/empresa.png\" \/>\n<meta name=\"twitter:card\" content=\"summary_large_image\" \/>\n<meta name=\"twitter:label1\" content=\"Tiempo de lectura\" \/>\n\t<meta name=\"twitter:data1\" content=\"2 minutos\" \/>\n<script type=\"application\/ld+json\" class=\"yoast-schema-graph\">{\"@context\":\"https:\/\/schema.org\",\"@graph\":[{\"@type\":\"WebPage\",\"@id\":\"https:\/\/atfassessors.com\/es\/subvenciones\/\",\"url\":\"https:\/\/atfassessors.com\/es\/subvenciones\/\",\"name\":\"Gesti\u00f3n de Subvenciones - M\u00e1ximo \u00c9xito Asegurado\",\"isPartOf\":{\"@id\":\"https:\/\/atfassessors.com\/#website\"},\"primaryImageOfPage\":{\"@id\":\"https:\/\/atfassessors.com\/es\/subvenciones\/#primaryimage\"},\"image\":{\"@id\":\"https:\/\/atfassessors.com\/es\/subvenciones\/#primaryimage\"},\"thumbnailUrl\":\"https:\/\/atfassessors.com\/wp-content\/uploads\/2023\/03\/empresa.png\",\"datePublished\":\"2023-03-03T15:51:18+00:00\",\"dateModified\":\"2024-03-27T09:54:32+00:00\",\"description\":\"Expertos en gesti\u00f3n de subvenciones. Te ayudamos a obtener financiamiento para tus proyectos. \u00a1Cons\u00faltanos!\",\"breadcrumb\":{\"@id\":\"https:\/\/atfassessors.com\/es\/subvenciones\/#breadcrumb\"},\"inLanguage\":\"es\",\"potentialAction\":[{\"@type\":\"ReadAction\",\"target\":[\"https:\/\/atfassessors.com\/es\/subvenciones\/\"]}]},{\"@type\":\"ImageObject\",\"inLanguage\":\"es\",\"@id\":\"https:\/\/atfassessors.com\/es\/subvenciones\/#primaryimage\",\"url\":\"https:\/\/atfassessors.com\/wp-content\/uploads\/2023\/03\/empresa.png\",\"contentUrl\":\"https:\/\/atfassessors.com\/wp-content\/uploads\/2023\/03\/empresa.png\"},{\"@type\":\"BreadcrumbList\",\"@id\":\"https:\/\/atfassessors.com\/es\/subvenciones\/#breadcrumb\",\"itemListElement\":[{\"@type\":\"ListItem\",\"position\":1,\"name\":\"Inici\",\"item\":\"https:\/\/atfassessors.com\/es\/\"},{\"@type\":\"ListItem\",\"position\":2,\"name\":\"Subvenciones\"}]},{\"@type\":\"WebSite\",\"@id\":\"https:\/\/atfassessors.com\/#website\",\"url\":\"https:\/\/atfassessors.com\/\",\"name\":\"ATF ASSESSORS I CONSULTORS S.L.\",\"description\":\"La teva assessoria a Manresa\",\"publisher\":{\"@id\":\"https:\/\/atfassessors.com\/#organization\"},\"potentialAction\":[{\"@type\":\"SearchAction\",\"target\":{\"@type\":\"EntryPoint\",\"urlTemplate\":\"https:\/\/atfassessors.com\/?s={search_term_string}\"},\"query-input\":{\"@type\":\"PropertyValueSpecification\",\"valueRequired\":true,\"valueName\":\"search_term_string\"}}],\"inLanguage\":\"es\"},{\"@type\":\"Organization\",\"@id\":\"https:\/\/atfassessors.com\/#organization\",\"name\":\"ATF ASSESSORS I CONSULTORS S.L.\",\"url\":\"https:\/\/atfassessors.com\/\",\"logo\":{\"@type\":\"ImageObject\",\"inLanguage\":\"es\",\"@id\":\"https:\/\/atfassessors.com\/#\/schema\/logo\/image\/\",\"url\":\"https:\/\/atfassessors.com\/wp-content\/uploads\/2023\/03\/cropped-ATF-PNG.png\",\"contentUrl\":\"https:\/\/atfassessors.com\/wp-content\/uploads\/2023\/03\/cropped-ATF-PNG.png\",\"width\":512,\"height\":512,\"caption\":\"ATF ASSESSORS I CONSULTORS S.L.\"},\"image\":{\"@id\":\"https:\/\/atfassessors.com\/#\/schema\/logo\/image\/\"},\"sameAs\":[\"https:\/\/www.linkedin.com\/company\/atf-assessors-i-consultors-s-l-\/\"]}]}<\/script>\n<!-- \/ Yoast SEO plugin. -->","yoast_head_json":{"title":"Gesti\u00f3n de Subvenciones - M\u00e1ximo \u00c9xito Asegurado","description":"Expertos en gesti\u00f3n de subvenciones. Te ayudamos a obtener financiamiento para tus proyectos. \u00a1Cons\u00faltanos!","robots":{"index":"index","follow":"follow","max-snippet":"max-snippet:-1","max-image-preview":"max-image-preview:large","max-video-preview":"max-video-preview:-1"},"canonical":"https:\/\/atfassessors.com\/es\/subvenciones\/","og_locale":"es_ES","og_type":"article","og_title":"Gesti\u00f3n de Subvenciones - M\u00e1ximo \u00c9xito Asegurado","og_description":"Expertos en gesti\u00f3n de subvenciones. Te ayudamos a obtener financiamiento para tus proyectos. \u00a1Cons\u00faltanos!","og_url":"https:\/\/atfassessors.com\/es\/subvenciones\/","og_site_name":"ATF ASSESSORS I CONSULTORS S.L.","article_modified_time":"2024-03-27T09:54:32+00:00","og_image":[{"url":"https:\/\/atfassessors.com\/wp-content\/uploads\/2023\/03\/empresa.png"}],"twitter_card":"summary_large_image","twitter_misc":{"Tiempo de lectura":"2 minutos"},"schema":{"@context":"https:\/\/schema.org","@graph":[{"@type":"WebPage","@id":"https:\/\/atfassessors.com\/es\/subvenciones\/","url":"https:\/\/atfassessors.com\/es\/subvenciones\/","name":"Gesti\u00f3n de Subvenciones - M\u00e1ximo \u00c9xito Asegurado","isPartOf":{"@id":"https:\/\/atfassessors.com\/#website"},"primaryImageOfPage":{"@id":"https:\/\/atfassessors.com\/es\/subvenciones\/#primaryimage"},"image":{"@id":"https:\/\/atfassessors.com\/es\/subvenciones\/#primaryimage"},"thumbnailUrl":"https:\/\/atfassessors.com\/wp-content\/uploads\/2023\/03\/empresa.png","datePublished":"2023-03-03T15:51:18+00:00","dateModified":"2024-03-27T09:54:32+00:00","description":"Expertos en gesti\u00f3n de subvenciones. Te ayudamos a obtener financiamiento para tus proyectos. \u00a1Cons\u00faltanos!","breadcrumb":{"@id":"https:\/\/atfassessors.com\/es\/subvenciones\/#breadcrumb"},"inLanguage":"es","potentialAction":[{"@type":"ReadAction","target":["https:\/\/atfassessors.com\/es\/subvenciones\/"]}]},{"@type":"ImageObject","inLanguage":"es","@id":"https:\/\/atfassessors.com\/es\/subvenciones\/#primaryimage","url":"https:\/\/atfassessors.com\/wp-content\/uploads\/2023\/03\/empresa.png","contentUrl":"https:\/\/atfassessors.com\/wp-content\/uploads\/2023\/03\/empresa.png"},{"@type":"BreadcrumbList","@id":"https:\/\/atfassessors.com\/es\/subvenciones\/#breadcrumb","itemListElement":[{"@type":"ListItem","position":1,"name":"Inici","item":"https:\/\/atfassessors.com\/es\/"},{"@type":"ListItem","position":2,"name":"Subvenciones"}]},{"@type":"WebSite","@id":"https:\/\/atfassessors.com\/#website","url":"https:\/\/atfassessors.com\/","name":"ATF ASSESSORS I CONSULTORS S.L.","description":"La teva assessoria a Manresa","publisher":{"@id":"https:\/\/atfassessors.com\/#organization"},"potentialAction":[{"@type":"SearchAction","target":{"@type":"EntryPoint","urlTemplate":"https:\/\/atfassessors.com\/?s={search_term_string}"},"query-input":{"@type":"PropertyValueSpecification","valueRequired":true,"valueName":"search_term_string"}}],"inLanguage":"es"},{"@type":"Organization","@id":"https:\/\/atfassessors.com\/#organization","name":"ATF ASSESSORS I CONSULTORS S.L.","url":"https:\/\/atfassessors.com\/","logo":{"@type":"ImageObject","inLanguage":"es","@id":"https:\/\/atfassessors.com\/#\/schema\/logo\/image\/","url":"https:\/\/atfassessors.com\/wp-content\/uploads\/2023\/03\/cropped-ATF-PNG.png","contentUrl":"https:\/\/atfassessors.com\/wp-content\/uploads\/2023\/03\/cropped-ATF-PNG.png","width":512,"height":512,"caption":"ATF ASSESSORS I CONSULTORS S.L."},"image":{"@id":"https:\/\/atfassessors.com\/#\/schema\/logo\/image\/"},"sameAs":["https:\/\/www.linkedin.com\/company\/atf-assessors-i-consultors-s-l-\/"]}]}},"_links":{"self":[{"href":"https:\/\/atfassessors.com\/es\/wp-json\/wp\/v2\/pages\/12011","targetHints":{"allow":["GET"]}}],"collection":[{"href":"https:\/\/atfassessors.com\/es\/wp-json\/wp\/v2\/pages"}],"about":[{"href":"https:\/\/atfassessors.com\/es\/wp-json\/wp\/v2\/types\/page"}],"author":[{"embeddable":true,"href":"https:\/\/atfassessors.com\/es\/wp-json\/wp\/v2\/users\/1"}],"replies":[{"embeddable":true,"href":"https:\/\/atfassessors.com\/es\/wp-json\/wp\/v2\/comments?post=12011"}],"version-history":[{"count":15,"href":"https:\/\/atfassessors.com\/es\/wp-json\/wp\/v2\/pages\/12011\/revisions"}],"predecessor-version":[{"id":12934,"href":"https:\/\/atfassessors.com\/es\/wp-json\/wp\/v2\/pages\/12011\/revisions\/12934"}],"wp:attachment":[{"href":"https:\/\/atfassessors.com\/es\/wp-json\/wp\/v2\/media?parent=12011"}],"curies":[{"name":"wp","href":"https:\/\/api.w.org\/{rel}","templated":true}]}}