{"id":12005,"date":"2023-03-02T19:46:24","date_gmt":"2023-03-02T19:46:24","guid":{"rendered":"https:\/\/atfassessors.com\/?page_id=12005"},"modified":"2023-03-22T12:34:33","modified_gmt":"2023-03-22T12:34:33","slug":"politica-de-privacidad","status":"publish","type":"page","link":"https:\/\/atfassessors.com\/es\/politica-de-privacidad\/","title":{"rendered":"Pol\u00edtica de Privacidad"},"content":{"rendered":"\n<p>Nuestra pol\u00edtica de protecci\u00f3n de datos cumple con todos los requisitos establecidos por la Ley Org\u00e1nica 15\/1999 de Protecci\u00f3n de datos de car\u00e1cter personal, de 13 de diciembre y por el reglamento RD 1720\/2007 de 21 de diciembre.<\/p>\n\n\n\n<p>ATF ASSESSORS I CONSULTORS, SL, respecta su privacidad y se compromete a protegerla. En esta declaraci\u00f3n de protecci\u00f3n de datos le informamos sobre nuestra pol\u00edtica y nuestra pr\u00e1ctica con respecto a la Ley. Esta p\u00e1gina est\u00e1 sujeta a la legislaci\u00f3n espa\u00f1ola. En caso de litigio como consecuencia de su utilizaci\u00f3n, los tribunales espa\u00f1oles ejercer\u00e1n la exclusiva jurisdicci\u00f3n.<\/p>\n\n\n\n<p>El sitio web es de propiedad de ATF ASSESSORS I CONSULTORS SL, con domicilio en Manresa, calle S\u00faria, n\u00famero 2 bajos, inscrita en el registro mercantil de Barcelona, Tomo 26627, folio 0160, hoja 104898, inscripci\u00f3n 9\u00aa y CIF B-58.118.902.<\/p>\n\n\n\n<p>Los \u00fanicos datos personales a los que ATF ASSESSORS tendr\u00e1 acceso ser\u00e1n aqu\u00e9llos que el usuario facilite voluntariamente. En este sentido es preciso que el usuario conozca que para el acceso de algunos productos\/servicios ofrecidos a trav\u00e9s de la web, se le solicitar\u00e1n datos de car\u00e1cter personal. Si no facilita los mismos, no podr\u00e1 acceder ni utilizar los referidos servicios y contenidos.<\/p>\n\n\n\n<p>En cumplimiento de lo establecido en la Ley Org\u00e1nica 15\/1999, de 13 de diciembre, de Protecci\u00f3n de Datos de Car\u00e1cter Personal informamos que, mediante la cumplimentaci\u00f3n del formulario la bolsa de trabajo , sus datos personales quedar\u00e1n incorporados y tratados en un fichero, debidamente registrado, propiedad de ATF ASSESSORS, con el fin de disponer de una base de datos de posibles candidatos en ampliaciones de personal. En ning\u00fan caso, sus datos ser\u00e1n cedidos a terceros.<\/p>\n\n\n\n<p>Asimismo, cuando el usuario facilita sus datos de car\u00e1cter personal utilizando el e-mail de atenci\u00f3n al cliente de la p\u00e1gina Web, est\u00e1 autorizando expresamente a ATF ASSESSORS, al tratamiento automatizado de sus Datos Personales para poder atender sus peticiones de servicios.<\/p>\n\n\n\n<p>El usuario queda informado de que sus datos personales, a los que ATF ASSESSORS, tenga acceso como consecuencia de sus operaciones, consultas, env\u00edo de informaci\u00f3n y curriculums, se incorporan al correspondiente fichero de ATF ASSESSORS, autorizando a \u00e9ste, de forma expresa, al tratamiento de los que sean necesarios para su utilizaci\u00f3n en relaci\u00f3n con el desenvolvimiento de la operaci\u00f3n o servicio convenido que tendr\u00e1n car\u00e1cter obligatorio.<\/p>\n\n\n\n<p>En cumplimiento de la normativa vigente, ATF ASSESSORS ha adoptado las medidas t\u00e9cnicas y organizativas necesarias para mantener el nivel de seguridad requerido en atenci\u00f3n a los datos personales tratados. Asimismo est\u00e1 dotado de los mecanismos precisos a su alcance para evitar en la medida de lo posible los accesos no autorizados, sustracciones y modificaciones il\u00edcitas y la p\u00e9rdida de los datos.<\/p>\n\n\n\n<p>Este sitio web est\u00e1 unicamente dirigido a usuarios mayores de edad residentes en Espa\u00f1a.<\/p>\n\n\n\n<p>Para obtener m\u00e1s informaci\u00f3n acerca del acceso a sus datos personales o para formular cualquier pregunta acerca de la pol\u00edtica de protecci\u00f3n de datos de ATF ASSESSORS, env\u00ede un correo electr\u00f3nico a&nbsp;<a href=\"mailto:atf2@atfassessors.com\">atf2@atfassessors.com<\/a>.<\/p>\n\n\n\n<p>En relaci\u00f3n con los datos recopilados, el usuario tiene reconocidos por la ley los derechos de acceso, rectificaci\u00f3n, cancelaci\u00f3n y oposici\u00f3n, respecto de sus datos personales, as\u00ed como el derecho a revocar el consentimiento otorgado para la cesi\u00f3n de sus datos. El usuario, o si procede su representante legal, podr\u00e1 ejercer estos derechos mediante una solicitud por escrito y firmada, dirigida a ATF ASSESSORS I CONSULTORS, SL, C\/ S\u00faria, n\u00ba 2 bajos de Manresa (Barcelona). La solicitud deber\u00e1 incluir los siguientes datos: nombre y apellidos del usuario, domicilio a efectos de notificaciones, fotocopia del DNI o pasaporte y contenido concreto del derecho a ejercitar.<\/p>\n\n\n\n<p>En cualquier momento, el usuario puede darse de baja o dejar de utilizar nuestros servicios. Para m\u00e1s informaci\u00f3n acerca de c\u00f3mo darse de baja, env\u00ede un correo electr\u00f3nico a&nbsp;<a href=\"mailto:atf2@atfassessors.com\">atf2@atfassessors.com<\/a><\/p>\n\n\n\n<p><strong>Aviso Legal<\/strong><\/p>\n\n\n\n<p><strong>Condiciones generales de utilizaci\u00f3n de esta p\u00e1gina web,<\/strong><\/p>\n\n\n\n<p>El presente&nbsp;<strong>aviso legal&nbsp;<\/strong>recoge las condiciones generales que rigen el acceso y el uso de este sitio web.<br>El uso de la p\u00e1gina web implica la expresa y plena aceptaci\u00f3n de estas condiciones generales en la versi\u00f3n publicada en el momento en que el usuario acceda al mismo, sin perjuicio de las condiciones particulares que pudieran aplicarse a algunos de los servicios concretos del sitio web.<\/p>\n\n\n\n<p>El sitio web de ATF ASSESSORS I CONSULTORS, SL, con domicilio en Manresa (Barcelona), calle S\u00faria, n\u00famero 2 bajos, inscrita en el Registro Mercantil de Barcelona, volumen 26627, folio 0160, hoja 104898, inscripci\u00f3n 9\u00aa y CIF B-58.118.902, tiene por objeto dar a conocer los servicios que ofrece. Tambi\u00e9n incluye la posibilidad de poder solicitar estos servicios u ofrecer los propios mediante el apartado \u201ccurr\u00edculum\u201d.<\/p>\n\n\n\n<p><strong>Legislaci\u00f3n aplicable<\/strong><\/p>\n\n\n\n<p>Con car\u00e1cter general las relaciones entre la Empresa con los Usuarios de sus servicios telem\u00e1ticos, presentes en la web, se encuentran sometidas a la legislaci\u00f3n y jurisdicci\u00f3n espa\u00f1olas.<\/p>\n\n\n\n<p><strong>Contenido y uso<\/strong><\/p>\n\n\n\n<p>El Usuario queda informado, y acepta, que el acceso a la presente web no supone, de ninguna manera, el inicio de una relaci\u00f3n comercial o de otro tipo con la Empresa.<\/p>\n\n\n\n<p>El titular de la web no se identifica con las opiniones invertidas en lo mismo por sus colaboradores.<\/p>\n\n\n\n<p>ATF ASSESSORS se reserva el derecho de efectuar sin previo aviso las modificaciones que considere oportunas en su Web, pudiendo cambiar, suprimir o a\u00f1adir tanto los contenidos y servicios que se presten a trav\u00e9s de la misma como la forma en la cual \u00e9stos aparezcan presentados o localizados en sus servidores.<\/p>\n\n\n\n<p><strong>Propiedad intelectual e industrial<\/strong><\/p>\n\n\n\n<p>Todos los derechos de propiedad intelectual&nbsp; e industrial sobre los contenidos y\/o cualquier otro elemento incluido en el sitio web s\u00f3n titularidad exclusiva de ATF ASSESSORS.<\/p>\n\n\n\n<p>En este sentido, se constituyen c\u00f3mo obras protegidas por el conjunto de la regulaci\u00f3n espa\u00f1ola y comunitaria en el \u00e1mbito de la propiedad intelectual, conforme al Real decreto Legislativo 1\/1996, de 12 de abril, por el cual se aprueba el Texto Refundido de la Ley de Propiedad Intelectual y la Ley 5\/1998, de 6 de marzo, de Incorporaci\u00f3n al Derecho Espa\u00f1ol de la Directiva 96\/9\/CE sobre la Protecci\u00f3n Jur\u00eddica de las Bases de Datos, result\u00e1ndoles asimismo de aplicaci\u00f3n los tratados internacionales suscritos en este campo.<\/p>\n\n\n\n<p>La Empresa no concede licencia de uso o autorizaci\u00f3n alguna sobre sus derechos de propiedad industrial e intelectual o sobre cualquier otra propiedad o derecho relacionado con su website, excepto acuerdo expreso con terceros. Los usuarios podr\u00e1n llevar a cabo la reproducci\u00f3n de los contenidos del website con el \u00fanico fin de proceder a su almacenaje, a la realizaci\u00f3n de copias de seguridad o a su impresi\u00f3n sobre papel para uso privado.<\/p>\n\n\n\n<p>Al margen del anterior, queda prohibida toda reproducci\u00f3n, distribuci\u00f3n, transformaci\u00f3n, presentaci\u00f3n, total o parcial, del contenido del website o de alguno de sus elementos, de forma directa o indirecta por redes telem\u00e1ticas o soportes an\u00e1logos, con un fin comercial dirigido al p\u00fablico o para una utilizaci\u00f3n m\u00e1s all\u00e1 de las mencionadas, todav\u00eda citando la fuente, siempre que no se cuente con la autorizaci\u00f3n expresa y por escrito de la Empresa y si ocurre de terceros colaboradores. El incumplimiento del anterior facultar\u00e1 en la Empresa para interponer las acciones legales pertinentes.<\/p>\n\n\n\n<p>Quedan especialmente prohibidas:<\/p>\n\n\n\n<ul class=\"wp-block-list\">\n<li>La presentaci\u00f3n de una p\u00e1gina del website en una marco de otra p\u00e1gina web que no pertenezca a la Empresa, mediante la t\u00e9cnica denominada \u201cframing\u201d a no ser que cuente con el expreso consentimiento por escrito de la Empresa.<\/li>\n\n\n\n<li>La inserci\u00f3n de una imagen difundida en el website en una p\u00e1gina o base de datos, no perteneciente a la Empresa, mediante la t\u00e9cnica denominada \u201cin line linking\u201d si eso no cuenta con la expresa autorizaci\u00f3n de la Empresa.<\/li>\n\n\n\n<li>La extracci\u00f3n y uso de elementos del website causante o no un perjuicio cualquiera en la Empresa, conforme a las disposiciones del Real decreto Legislativo 1\/1996, de 12 de abril, por el cual se aprueba el Texto Refundido de la Ley de Propiedad Intelectual y la Ley 5\/1998, de 6 de marzo, de Incorporaci\u00f3n al Derecho Espa\u00f1ol de la Directiva 96\/9\/CE sobre la Protecci\u00f3n Jur\u00eddica de las Bases de Datos.<\/li>\n<\/ul>\n\n\n\n<p>La Empresa tendr\u00e1 que autorizar expresamente el establecimiento de links de hipertexto (hiperv\u00ednculos) en otra website dirigidos al homepage de este website o a cualquier otra p\u00e1gina interna de \u00e9ste, siempre que las correspondientes p\u00e1ginas aparezcan en una ventana completa y bajo las direcciones electr\u00f3nicas propias de lo mismo.<\/p>\n\n\n\n<p>Los derechos no expresamente concedidos anteriormente quedan reservados a la Empresa o si ocurre a terceros colaboradores.<\/p>\n\n\n\n<p>Todos los nombres comerciales, marcas o signos distintivos, logotipos, s\u00edmbolos, marcas mixtas, figurativas o nominativas que aparecen en este website pertenecen a la Empresa o dispone, previa autorizaci\u00f3n, del derecho de uso sobre las mismas y se encuentran protegidos por la legislaci\u00f3n vigente a este respecto.<\/p>\n\n\n\n<p><strong>Enlaces (links)<\/strong><\/p>\n\n\n\n<p>La presencia de enlaces (links) en las p\u00e1ginas web de la Empresa tiene finalidad meramente informativa y en ning\u00fan caso supone sugerencia, invitaci\u00f3n o recomendaci\u00f3n sobre los mismos.<\/p>\n\n\n\n<p>Los enlaces a sitios web de terceros son facilitados para mayor comodidad de nuestros usuarios. La Empresa s\u00f3lo controla y es responsable del sitio web&nbsp;<a href=\"https:\/\/www.atfassessors.com\/\">https:\/\/www.atfassessors.com<\/a><\/p>\n\n\n\n<p>La Empresa se reserva el derecho a eliminar cualquier enlace o programa de enlace en cualquier momento.<\/p>\n\n\n\n<p><strong>Archivos temporales de informaci\u00f3n<\/strong><\/p>\n\n\n\n<p>Para el correcto funcionamiento y visualizaci\u00f3n del sitio web&nbsp;<a href=\"http:\/\/www.grosmonserrat.com\/\">https:\/\/www.atfassessors.com&nbsp;<\/a>, la empresa utiliza peque\u00f1os archivos temporales de informaci\u00f3n que el servidor env\u00eda al ordenador del usuario. En ning\u00fan caso la empresa utiliza estos archivos para recoger informaci\u00f3n de car\u00e1cter personal.<\/p>\n\n\n\n<p><strong>Exactitud y actualizaci\u00f3n<\/strong><\/p>\n\n\n\n<p>La Empresa no puede controlar la ocupaci\u00f3n que el usuario da a la informaci\u00f3n y por lo tanto, no ser\u00e1 responsable de ning\u00fan tipo de da\u00f1os o perjuicios, ya sean directos o indirectos, que puedan derivar de la ocupaci\u00f3n de esta informaci\u00f3n.<\/p>\n","protected":false},"excerpt":{"rendered":"<p>Nuestra pol\u00edtica de protecci\u00f3n de datos cumple con todos los requisitos establecidos por la Ley Org\u00e1nica 15\/1999 de Protecci\u00f3n de datos de car\u00e1cter personal, de 13 de diciembre y por el reglamento RD 1720\/2007 de 21 de diciembre. ATF ASSESSORS I CONSULTORS, SL, respecta su privacidad y se compromete a protegerla. En esta declaraci\u00f3n de [&hellip;]<\/p>\n","protected":false},"author":1,"featured_media":0,"parent":0,"menu_order":0,"comment_status":"closed","ping_status":"closed","template":"","meta":{"footnotes":""},"class_list":["post-12005","page","type-page","status-publish","hentry"],"yoast_head":"<!-- This site is optimized with the Yoast SEO plugin v23.4 - https:\/\/yoast.com\/wordpress\/plugins\/seo\/ -->\n<title>Pol\u00edtica de Privacidad - ATF ASSESSORS I CONSULTORS S.L.<\/title>\n<meta name=\"robots\" content=\"index, follow, max-snippet:-1, max-image-preview:large, max-video-preview:-1\" \/>\n<link rel=\"canonical\" href=\"https:\/\/atfassessors.com\/es\/politica-de-privacidad\/\" \/>\n<meta property=\"og:locale\" content=\"es_ES\" \/>\n<meta property=\"og:type\" content=\"article\" \/>\n<meta property=\"og:title\" content=\"Pol\u00edtica de Privacidad - ATF ASSESSORS I CONSULTORS S.L.\" \/>\n<meta property=\"og:description\" content=\"Nuestra pol\u00edtica de protecci\u00f3n de datos cumple con todos los requisitos establecidos por la Ley Org\u00e1nica 15\/1999 de Protecci\u00f3n de datos de car\u00e1cter personal, de 13 de diciembre y por el reglamento RD 1720\/2007 de 21 de diciembre. ATF ASSESSORS I CONSULTORS, SL, respecta su privacidad y se compromete a protegerla. En esta declaraci\u00f3n de [&hellip;]\" \/>\n<meta property=\"og:url\" content=\"https:\/\/atfassessors.com\/es\/politica-de-privacidad\/\" \/>\n<meta property=\"og:site_name\" content=\"ATF ASSESSORS I CONSULTORS S.L.\" \/>\n<meta property=\"article:modified_time\" content=\"2023-03-22T12:34:33+00:00\" \/>\n<meta name=\"twitter:card\" content=\"summary_large_image\" \/>\n<meta name=\"twitter:label1\" content=\"Tiempo de lectura\" \/>\n\t<meta name=\"twitter:data1\" content=\"9 minutos\" \/>\n<script type=\"application\/ld+json\" class=\"yoast-schema-graph\">{\"@context\":\"https:\/\/schema.org\",\"@graph\":[{\"@type\":\"WebPage\",\"@id\":\"https:\/\/atfassessors.com\/es\/politica-de-privacidad\/\",\"url\":\"https:\/\/atfassessors.com\/es\/politica-de-privacidad\/\",\"name\":\"Pol\u00edtica de Privacidad - ATF ASSESSORS I CONSULTORS S.L.\",\"isPartOf\":{\"@id\":\"https:\/\/atfassessors.com\/#website\"},\"datePublished\":\"2023-03-02T19:46:24+00:00\",\"dateModified\":\"2023-03-22T12:34:33+00:00\",\"breadcrumb\":{\"@id\":\"https:\/\/atfassessors.com\/es\/politica-de-privacidad\/#breadcrumb\"},\"inLanguage\":\"es\",\"potentialAction\":[{\"@type\":\"ReadAction\",\"target\":[\"https:\/\/atfassessors.com\/es\/politica-de-privacidad\/\"]}]},{\"@type\":\"BreadcrumbList\",\"@id\":\"https:\/\/atfassessors.com\/es\/politica-de-privacidad\/#breadcrumb\",\"itemListElement\":[{\"@type\":\"ListItem\",\"position\":1,\"name\":\"Inici\",\"item\":\"https:\/\/atfassessors.com\/es\/\"},{\"@type\":\"ListItem\",\"position\":2,\"name\":\"Pol\u00edtica de Privacidad\"}]},{\"@type\":\"WebSite\",\"@id\":\"https:\/\/atfassessors.com\/#website\",\"url\":\"https:\/\/atfassessors.com\/\",\"name\":\"ATF ASSESSORS I CONSULTORS S.L.\",\"description\":\"La teva assessoria a Manresa\",\"publisher\":{\"@id\":\"https:\/\/atfassessors.com\/#organization\"},\"potentialAction\":[{\"@type\":\"SearchAction\",\"target\":{\"@type\":\"EntryPoint\",\"urlTemplate\":\"https:\/\/atfassessors.com\/?s={search_term_string}\"},\"query-input\":{\"@type\":\"PropertyValueSpecification\",\"valueRequired\":true,\"valueName\":\"search_term_string\"}}],\"inLanguage\":\"es\"},{\"@type\":\"Organization\",\"@id\":\"https:\/\/atfassessors.com\/#organization\",\"name\":\"ATF ASSESSORS I CONSULTORS S.L.\",\"url\":\"https:\/\/atfassessors.com\/\",\"logo\":{\"@type\":\"ImageObject\",\"inLanguage\":\"es\",\"@id\":\"https:\/\/atfassessors.com\/#\/schema\/logo\/image\/\",\"url\":\"https:\/\/atfassessors.com\/wp-content\/uploads\/2023\/03\/cropped-ATF-PNG.png\",\"contentUrl\":\"https:\/\/atfassessors.com\/wp-content\/uploads\/2023\/03\/cropped-ATF-PNG.png\",\"width\":512,\"height\":512,\"caption\":\"ATF ASSESSORS I CONSULTORS S.L.\"},\"image\":{\"@id\":\"https:\/\/atfassessors.com\/#\/schema\/logo\/image\/\"},\"sameAs\":[\"https:\/\/www.linkedin.com\/company\/atf-assessors-i-consultors-s-l-\/\"]}]}<\/script>\n<!-- \/ Yoast SEO plugin. -->","yoast_head_json":{"title":"Pol\u00edtica de Privacidad - ATF ASSESSORS I CONSULTORS S.L.","robots":{"index":"index","follow":"follow","max-snippet":"max-snippet:-1","max-image-preview":"max-image-preview:large","max-video-preview":"max-video-preview:-1"},"canonical":"https:\/\/atfassessors.com\/es\/politica-de-privacidad\/","og_locale":"es_ES","og_type":"article","og_title":"Pol\u00edtica de Privacidad - ATF ASSESSORS I CONSULTORS S.L.","og_description":"Nuestra pol\u00edtica de protecci\u00f3n de datos cumple con todos los requisitos establecidos por la Ley Org\u00e1nica 15\/1999 de Protecci\u00f3n de datos de car\u00e1cter personal, de 13 de diciembre y por el reglamento RD 1720\/2007 de 21 de diciembre. ATF ASSESSORS I CONSULTORS, SL, respecta su privacidad y se compromete a protegerla. En esta declaraci\u00f3n de [&hellip;]","og_url":"https:\/\/atfassessors.com\/es\/politica-de-privacidad\/","og_site_name":"ATF ASSESSORS I CONSULTORS S.L.","article_modified_time":"2023-03-22T12:34:33+00:00","twitter_card":"summary_large_image","twitter_misc":{"Tiempo de lectura":"9 minutos"},"schema":{"@context":"https:\/\/schema.org","@graph":[{"@type":"WebPage","@id":"https:\/\/atfassessors.com\/es\/politica-de-privacidad\/","url":"https:\/\/atfassessors.com\/es\/politica-de-privacidad\/","name":"Pol\u00edtica de Privacidad - ATF ASSESSORS I CONSULTORS S.L.","isPartOf":{"@id":"https:\/\/atfassessors.com\/#website"},"datePublished":"2023-03-02T19:46:24+00:00","dateModified":"2023-03-22T12:34:33+00:00","breadcrumb":{"@id":"https:\/\/atfassessors.com\/es\/politica-de-privacidad\/#breadcrumb"},"inLanguage":"es","potentialAction":[{"@type":"ReadAction","target":["https:\/\/atfassessors.com\/es\/politica-de-privacidad\/"]}]},{"@type":"BreadcrumbList","@id":"https:\/\/atfassessors.com\/es\/politica-de-privacidad\/#breadcrumb","itemListElement":[{"@type":"ListItem","position":1,"name":"Inici","item":"https:\/\/atfassessors.com\/es\/"},{"@type":"ListItem","position":2,"name":"Pol\u00edtica de Privacidad"}]},{"@type":"WebSite","@id":"https:\/\/atfassessors.com\/#website","url":"https:\/\/atfassessors.com\/","name":"ATF ASSESSORS I CONSULTORS S.L.","description":"La teva assessoria a Manresa","publisher":{"@id":"https:\/\/atfassessors.com\/#organization"},"potentialAction":[{"@type":"SearchAction","target":{"@type":"EntryPoint","urlTemplate":"https:\/\/atfassessors.com\/?s={search_term_string}"},"query-input":{"@type":"PropertyValueSpecification","valueRequired":true,"valueName":"search_term_string"}}],"inLanguage":"es"},{"@type":"Organization","@id":"https:\/\/atfassessors.com\/#organization","name":"ATF ASSESSORS I CONSULTORS S.L.","url":"https:\/\/atfassessors.com\/","logo":{"@type":"ImageObject","inLanguage":"es","@id":"https:\/\/atfassessors.com\/#\/schema\/logo\/image\/","url":"https:\/\/atfassessors.com\/wp-content\/uploads\/2023\/03\/cropped-ATF-PNG.png","contentUrl":"https:\/\/atfassessors.com\/wp-content\/uploads\/2023\/03\/cropped-ATF-PNG.png","width":512,"height":512,"caption":"ATF ASSESSORS I CONSULTORS S.L."},"image":{"@id":"https:\/\/atfassessors.com\/#\/schema\/logo\/image\/"},"sameAs":["https:\/\/www.linkedin.com\/company\/atf-assessors-i-consultors-s-l-\/"]}]}},"_links":{"self":[{"href":"https:\/\/atfassessors.com\/es\/wp-json\/wp\/v2\/pages\/12005","targetHints":{"allow":["GET"]}}],"collection":[{"href":"https:\/\/atfassessors.com\/es\/wp-json\/wp\/v2\/pages"}],"about":[{"href":"https:\/\/atfassessors.com\/es\/wp-json\/wp\/v2\/types\/page"}],"author":[{"embeddable":true,"href":"https:\/\/atfassessors.com\/es\/wp-json\/wp\/v2\/users\/1"}],"replies":[{"embeddable":true,"href":"https:\/\/atfassessors.com\/es\/wp-json\/wp\/v2\/comments?post=12005"}],"version-history":[{"count":4,"href":"https:\/\/atfassessors.com\/es\/wp-json\/wp\/v2\/pages\/12005\/revisions"}],"predecessor-version":[{"id":12249,"href":"https:\/\/atfassessors.com\/es\/wp-json\/wp\/v2\/pages\/12005\/revisions\/12249"}],"wp:attachment":[{"href":"https:\/\/atfassessors.com\/es\/wp-json\/wp\/v2\/media?parent=12005"}],"curies":[{"name":"wp","href":"https:\/\/api.w.org\/{rel}","templated":true}]}}