{"id":11991,"date":"2023-03-03T15:51:35","date_gmt":"2023-03-03T15:51:35","guid":{"rendered":"https:\/\/atfassessors.com\/borsa-de-treball\/"},"modified":"2024-03-27T09:54:13","modified_gmt":"2024-03-27T09:54:13","slug":"borsa-de-treball","status":"publish","type":"page","link":"https:\/\/atfassessors.com\/es\/borsa-de-treball\/","title":{"rendered":"Bolsa de trabajo"},"content":{"rendered":"\t\t<div data-elementor-type=\"wp-page\" data-elementor-id=\"11991\" class=\"elementor elementor-11991 elementor-11364\" data-elementor-post-type=\"page\">\n\t\t\t\t\t\t<section class=\"elementor-section elementor-top-section elementor-element elementor-element-18d65cb elementor-section-boxed elementor-section-height-default elementor-section-height-default\" data-id=\"18d65cb\" data-element_type=\"section\">\n\t\t\t\t\t\t<div class=\"elementor-container elementor-column-gap-default\">\n\t\t\t\t\t<div class=\"elementor-column elementor-col-100 elementor-top-column elementor-element elementor-element-ca21f3b\" data-id=\"ca21f3b\" data-element_type=\"column\">\n\t\t\t<div class=\"elementor-widget-wrap elementor-element-populated\">\n\t\t\t\t\t\t<div class=\"elementor-element elementor-element-fe26161 akin-star-rating--align-center elementor-widget elementor-widget-witr_section_title\" data-id=\"fe26161\" data-element_type=\"widget\" data-widget_type=\"witr_section_title.default\">\n\t\t\t\t<div class=\"elementor-widget-container\">\n\t\t\t\t\t\t\t\t<!-- title center -->\n\t\t\t\t\t<div class=\"witr_section_title\">\n\t\t\t\t\t\t<div class=\"witr_section_title_inner text-center\">\n\n\t\t\t\t\t\t\t<!-- icon position -->\n\t\t\t\t\t\t\t\t\n\t\t\t\t\t\t\t<!-- end icon position -->\n\t\t\t\t\t\t\t\n\t\t\t\t\t\t\n\t\t\t\t\t\t\t<!-- title top -->\n\t\t\t\t\t\t\t\n\n\t\t\t\t\t\t\t<!-- icon position -->\n\t\t\t\t\t\t\t\t\n\t\t\t\t\t\t\t<!-- end icon position -->\n\n\n\t\t\t\t\t\t\t\n\t\t\t\t\t\t\t<!-- title middle -->\n\t\t\t\t\t\t\t\t\t\t\t\t\t\t\t<h3><h1>\u00bfBuscas trabajo? \u00bfTienes ganas de aprender?<\/h1><\/h3>\t\t\n\t\t\t\t\t\t\t\t\t\t\t\t\t\t<!-- title bottom -->\n\t\t\t\t\t\t\t\n\t\t\t\t\t\t\t\n\t\t\t\t\t\t\t\n\t\t\t\t\t\t\t\t\t\t\t\t\t\t\n\t\t\t\t\t\t\t<!-- image -->\n\t\t\t\t\t\t\t\t\t\t\t\t\t\t<!-- icon -->\n\t\t\t\t\t\t\t\t\t\t\t\t\t\t\n\t\t\t\t\t\t\t<!-- bar -->\n\t\t\t\t\t\t\t\t\t\t\t\t\t\t\n\t\t\t\t\t\t\t\t<div class=\"witr_bar_main\">\n\t\t\t\t\t\t\t\t\t<div class=\"witr_bar_inner\">\n\t\t\t\t\t\t\t\t\t<\/div>\n\t\t\t\t\t\t\t\t<\/div>\n\t\t\t\t\t\t\t\t\t\t\t\t\t\t<!-- circle bar -->\n\t\t\t\t\t\t\t\t\t\t\t\t\t\t\n\t\t\t\t\t\t\t\t\n\t\t\t\t\t\t\t\n\n\t\t\t\t\t\t\t\n\t\t\t\t\t\t\t<!-- content -->\n\t\t\t\t\t\t\t\t\t\t\t\t\t\t\n\t\t\t\t\t\t<\/div>\n\t\t\t\t\t\t\t<!-- inner title -->\n\t\t\t\t\t\t\t\t\t\t\t\t\t\n\t\t\t\t\t<\/div>\n\n\t\t\t\t\t\t<\/div>\n\t\t\t\t<\/div>\n\t\t\t\t<div class=\"elementor-element elementor-element-57593da akin-star-rating--align-justify elementor-widget elementor-widget-witr_section_title\" data-id=\"57593da\" data-element_type=\"widget\" data-widget_type=\"witr_section_title.default\">\n\t\t\t\t<div class=\"elementor-widget-container\">\n\t\t\t\t\t\t\t\t<!-- title center -->\n\t\t\t\t\t<div class=\"witr_section_title\">\n\t\t\t\t\t\t<div class=\"witr_section_title_inner text-center\">\n\n\t\t\t\t\t\t\t<!-- icon position -->\n\t\t\t\t\t\t\t\t\n\t\t\t\t\t\t\t<!-- end icon position -->\n\t\t\t\t\t\t\t\n\t\t\t\t\t\t\n\t\t\t\t\t\t\t<!-- title top -->\n\t\t\t\t\t\t\t\n\n\t\t\t\t\t\t\t<!-- icon position -->\n\t\t\t\t\t\t\t\t\n\t\t\t\t\t\t\t<!-- end icon position -->\n\n\n\t\t\t\t\t\t\t\n\t\t\t\t\t\t\t<!-- title middle -->\n\t\t\t\t\t\t\t\t\t\t\t\t\t\t<!-- title bottom -->\n\t\t\t\t\t\t\t\n\t\t\t\t\t\t\t\n\t\t\t\t\t\t\t\n\t\t\t\t\t\t\t\t\t\t\t\t\t\t\n\t\t\t\t\t\t\t<!-- image -->\n\t\t\t\t\t\t\t\t\t\t\t\t\t\t<!-- icon -->\n\t\t\t\t\t\t\t\t\t\t\t\t\t\t\n\t\t\t\t\t\t\t<!-- bar -->\n\t\t\t\t\t\t\t\t\t\t\t\t\t\t<!-- circle bar -->\n\t\t\t\t\t\t\t\t\t\t\t\t\t\t\n\t\t\t\t\t\t\t\t\n\t\t\t\t\t\t\t\n\n\t\t\t\t\t\t\t\n\t\t\t\t\t\t\t<!-- content -->\n\t\t\t\t\t\t\t\t\t\t\t\t\t\t\t<p>\u00bfQuieres trabajar en un sector de constante evoluci\u00f3n? Si es as\u00ed,  d\u00e9janos tu curr\u00edculum y te tendremos en cuenta en la pr\u00f3xima ampliaci\u00f3n de personal.\n <\/p>\t\t\n\t\t\t\t\t\t\t\t\t\t\t\t\t\t\n\t\t\t\t\t\t<\/div>\n\t\t\t\t\t\t\t<!-- inner title -->\n\t\t\t\t\t\t\t\t\t\t\t\t\t\n\t\t\t\t\t<\/div>\n\n\t\t\t\t\t\t<\/div>\n\t\t\t\t<\/div>\n\t\t\t\t<div class=\"elementor-element elementor-element-c7376fc elementor-button-align-stretch elementor-widget elementor-widget-form\" data-id=\"c7376fc\" data-element_type=\"widget\" data-settings=\"{&quot;step_next_label&quot;:&quot;Next&quot;,&quot;step_previous_label&quot;:&quot;Previous&quot;,&quot;button_width&quot;:&quot;100&quot;,&quot;step_type&quot;:&quot;number_text&quot;,&quot;step_icon_shape&quot;:&quot;circle&quot;}\" data-widget_type=\"form.default\">\n\t\t\t\t<div class=\"elementor-widget-container\">\n\t\t\t\t\t<form class=\"elementor-form\" method=\"post\" name=\"New Form\">\n\t\t\t<input type=\"hidden\" name=\"post_id\" value=\"11991\"\/>\n\t\t\t<input type=\"hidden\" name=\"form_id\" value=\"c7376fc\"\/>\n\t\t\t<input type=\"hidden\" name=\"referer_title\" value=\"ATF ASSESSORS I CONSULTORS S.L.\" \/>\n\n\t\t\t\n\t\t\t<div class=\"elementor-form-fields-wrapper elementor-labels-above\">\n\t\t\t\t\t\t\t\t<div class=\"elementor-field-type-text elementor-field-group elementor-column elementor-field-group-Nombre elementor-col-50 elementor-field-required\">\n\t\t\t\t\t\t\t\t\t\t\t\t<label for=\"form-field-Nombre\" class=\"elementor-field-label\">\n\t\t\t\t\t\t\t\tNombre \t\t\t\t\t\t\t<\/label>\n\t\t\t\t\t\t\t\t\t\t\t\t\t\t<input size=\"1\" type=\"text\" name=\"form_fields[Nombre]\" id=\"form-field-Nombre\" class=\"elementor-field elementor-size-sm  elementor-field-textual\" placeholder=\"Nombre \" required=\"required\" aria-required=\"true\">\n\t\t\t\t\t\t\t\t\t\t\t<\/div>\n\t\t\t\t\t\t\t\t<div class=\"elementor-field-type-tel elementor-field-group elementor-column elementor-field-group-telefono elementor-col-50 elementor-field-required\">\n\t\t\t\t\t\t\t\t\t\t\t\t<label for=\"form-field-telefono\" class=\"elementor-field-label\">\n\t\t\t\t\t\t\t\tTel\u00e9fono \t\t\t\t\t\t\t<\/label>\n\t\t\t\t\t\t\t\t<input size=\"1\" type=\"tel\" name=\"form_fields[telefono]\" id=\"form-field-telefono\" class=\"elementor-field elementor-size-sm  elementor-field-textual\" placeholder=\"Tel\u00e9fono \" required=\"required\" aria-required=\"true\" pattern=\"[0-9()#&amp;+*-=.]+\" title=\"Only numbers and phone characters (#, -, *, etc) are accepted.\">\n\n\t\t\t\t\t\t<\/div>\n\t\t\t\t\t\t\t\t<div class=\"elementor-field-type-email elementor-field-group elementor-column elementor-field-group-email elementor-col-100 elementor-field-required\">\n\t\t\t\t\t\t\t\t\t\t\t\t<label for=\"form-field-email\" class=\"elementor-field-label\">\n\t\t\t\t\t\t\t\tEmail \t\t\t\t\t\t\t<\/label>\n\t\t\t\t\t\t\t\t\t\t\t\t\t\t<input size=\"1\" type=\"email\" name=\"form_fields[email]\" id=\"form-field-email\" class=\"elementor-field elementor-size-sm  elementor-field-textual\" placeholder=\"Email \" required=\"required\" aria-required=\"true\">\n\t\t\t\t\t\t\t\t\t\t\t<\/div>\n\t\t\t\t\t\t\t\t<div class=\"elementor-field-type-textarea elementor-field-group elementor-column elementor-field-group-texto elementor-col-100\">\n\t\t\t\t\t\t\t\t\t\t\t\t<label for=\"form-field-texto\" class=\"elementor-field-label\">\n\t\t\t\t\t\t\t\tCamp de texto\t\t\t\t\t\t\t<\/label>\n\t\t\t\t\t\t<textarea class=\"elementor-field-textual elementor-field  elementor-size-sm\" name=\"form_fields[texto]\" id=\"form-field-texto\" rows=\"4\" placeholder=\"Camp de texto\"><\/textarea>\t\t\t\t<\/div>\n\t\t\t\t\t\t\t\t<div class=\"elementor-field-type-upload elementor-field-group elementor-column elementor-field-group-field_9ccb6b9 elementor-col-100 elementor-field-required\">\n\t\t\t\t\t\t\t\t\t\t\t\t<label for=\"form-field-field_9ccb6b9\" class=\"elementor-field-label\">\n\t\t\t\t\t\t\t\tAdjuntar CV en pdf\t\t\t\t\t\t\t<\/label>\n\t\t\t\t\t\t\t\t<input type=\"file\" name=\"form_fields[field_9ccb6b9]\" id=\"form-field-field_9ccb6b9\" class=\"elementor-field elementor-size-sm  elementor-upload-field\" required=\"required\" aria-required=\"true\">\n\n\t\t\t\t\t\t<\/div>\n\t\t\t\t\t\t\t\t<div class=\"elementor-field-type-acceptance elementor-field-group elementor-column elementor-field-group-field_2f9c309 elementor-col-100 elementor-field-required\">\n\t\t\t\t\t\t\t<div class=\"elementor-field-subgroup\">\n\t\t\t<span class=\"elementor-field-option\">\n\t\t\t\t<input type=\"checkbox\" name=\"form_fields[field_2f9c309]\" id=\"form-field-field_2f9c309\" class=\"elementor-field elementor-size-sm  elementor-acceptance-field\" required=\"required\" aria-required=\"true\">\n\t\t\t\t<label for=\"form-field-field_2f9c309\">He le\u00eddo y acepto la <a href =\" https:\/\/atfassessors.com\/es\/politica-de-privacidad\/\" target=\"_blank\"> Pol\u00edtica de Privacidad<\/a>.*<\/label>\t\t\t<\/span>\n\t\t<\/div>\n\t\t\t\t\t\t<\/div>\n\t\t\t\t\t\t\t\t<div class=\"elementor-field-group elementor-column elementor-field-type-submit elementor-col-100 e-form__buttons\">\n\t\t\t\t\t<button class=\"elementor-button elementor-size-sm\" type=\"submit\">\n\t\t\t\t\t\t<span class=\"elementor-button-content-wrapper\">\n\t\t\t\t\t\t\t\t\t\t\t\t\t\t\t\t\t\t\t\t\t\t<span class=\"elementor-button-text\">Enviar<\/span>\n\t\t\t\t\t\t\t\t\t\t\t\t\t<\/span>\n\t\t\t\t\t<\/button>\n\t\t\t\t<\/div>\n\t\t\t<\/div>\n\t\t<\/form>\n\t\t\t\t<\/div>\n\t\t\t\t<\/div>\n\t\t\t\t\t<\/div>\n\t\t<\/div>\n\t\t\t\t\t<\/div>\n\t\t<\/section>\n\t\t\t\t<\/div>\n\t\t","protected":false},"excerpt":{"rendered":"<p>\u00bfBuscas trabajo? \u00bfTienes ganas de aprender? \u00bfQuieres trabajar en un sector de constante evoluci\u00f3n? Si es as\u00ed, d\u00e9janos tu curr\u00edculum y te tendremos en cuenta en la pr\u00f3xima ampliaci\u00f3n de personal.<\/p>\n","protected":false},"author":1,"featured_media":0,"parent":0,"menu_order":0,"comment_status":"closed","ping_status":"closed","template":"template-home.php","meta":{"footnotes":""},"class_list":["post-11991","page","type-page","status-publish","hentry"],"yoast_head":"<!-- This site is optimized with the Yoast SEO plugin v23.4 - https:\/\/yoast.com\/wordpress\/plugins\/seo\/ -->\n<title>Bolsa de trabajo - ATF ASSESSORS I CONSULTORS S.L.<\/title>\n<meta name=\"robots\" content=\"index, follow, max-snippet:-1, max-image-preview:large, max-video-preview:-1\" \/>\n<link rel=\"canonical\" href=\"https:\/\/atfassessors.com\/es\/borsa-de-treball\/\" \/>\n<meta property=\"og:locale\" content=\"es_ES\" \/>\n<meta property=\"og:type\" content=\"article\" \/>\n<meta property=\"og:title\" content=\"Bolsa de trabajo - ATF ASSESSORS I CONSULTORS S.L.\" \/>\n<meta property=\"og:description\" content=\"\u00bfBuscas trabajo? \u00bfTienes ganas de aprender? \u00bfQuieres trabajar en un sector de constante evoluci\u00f3n? Si es as\u00ed, d\u00e9janos tu curr\u00edculum y te tendremos en cuenta en la pr\u00f3xima ampliaci\u00f3n de personal.\" \/>\n<meta property=\"og:url\" content=\"https:\/\/atfassessors.com\/es\/borsa-de-treball\/\" \/>\n<meta property=\"og:site_name\" content=\"ATF ASSESSORS I CONSULTORS S.L.\" \/>\n<meta property=\"article:modified_time\" content=\"2024-03-27T09:54:13+00:00\" \/>\n<meta name=\"twitter:card\" content=\"summary_large_image\" \/>\n<meta name=\"twitter:label1\" content=\"Tiempo de lectura\" \/>\n\t<meta name=\"twitter:data1\" content=\"1 minuto\" \/>\n<script type=\"application\/ld+json\" class=\"yoast-schema-graph\">{\"@context\":\"https:\/\/schema.org\",\"@graph\":[{\"@type\":\"WebPage\",\"@id\":\"https:\/\/atfassessors.com\/es\/borsa-de-treball\/\",\"url\":\"https:\/\/atfassessors.com\/es\/borsa-de-treball\/\",\"name\":\"Bolsa de trabajo - ATF ASSESSORS I CONSULTORS S.L.\",\"isPartOf\":{\"@id\":\"https:\/\/atfassessors.com\/#website\"},\"datePublished\":\"2023-03-03T15:51:35+00:00\",\"dateModified\":\"2024-03-27T09:54:13+00:00\",\"breadcrumb\":{\"@id\":\"https:\/\/atfassessors.com\/es\/borsa-de-treball\/#breadcrumb\"},\"inLanguage\":\"es\",\"potentialAction\":[{\"@type\":\"ReadAction\",\"target\":[\"https:\/\/atfassessors.com\/es\/borsa-de-treball\/\"]}]},{\"@type\":\"BreadcrumbList\",\"@id\":\"https:\/\/atfassessors.com\/es\/borsa-de-treball\/#breadcrumb\",\"itemListElement\":[{\"@type\":\"ListItem\",\"position\":1,\"name\":\"Inici\",\"item\":\"https:\/\/atfassessors.com\/es\/\"},{\"@type\":\"ListItem\",\"position\":2,\"name\":\"Bolsa de trabajo\"}]},{\"@type\":\"WebSite\",\"@id\":\"https:\/\/atfassessors.com\/#website\",\"url\":\"https:\/\/atfassessors.com\/\",\"name\":\"ATF ASSESSORS I CONSULTORS S.L.\",\"description\":\"La teva assessoria a Manresa\",\"publisher\":{\"@id\":\"https:\/\/atfassessors.com\/#organization\"},\"potentialAction\":[{\"@type\":\"SearchAction\",\"target\":{\"@type\":\"EntryPoint\",\"urlTemplate\":\"https:\/\/atfassessors.com\/?s={search_term_string}\"},\"query-input\":{\"@type\":\"PropertyValueSpecification\",\"valueRequired\":true,\"valueName\":\"search_term_string\"}}],\"inLanguage\":\"es\"},{\"@type\":\"Organization\",\"@id\":\"https:\/\/atfassessors.com\/#organization\",\"name\":\"ATF ASSESSORS I CONSULTORS S.L.\",\"url\":\"https:\/\/atfassessors.com\/\",\"logo\":{\"@type\":\"ImageObject\",\"inLanguage\":\"es\",\"@id\":\"https:\/\/atfassessors.com\/#\/schema\/logo\/image\/\",\"url\":\"https:\/\/atfassessors.com\/wp-content\/uploads\/2023\/03\/cropped-ATF-PNG.png\",\"contentUrl\":\"https:\/\/atfassessors.com\/wp-content\/uploads\/2023\/03\/cropped-ATF-PNG.png\",\"width\":512,\"height\":512,\"caption\":\"ATF ASSESSORS I CONSULTORS S.L.\"},\"image\":{\"@id\":\"https:\/\/atfassessors.com\/#\/schema\/logo\/image\/\"},\"sameAs\":[\"https:\/\/www.linkedin.com\/company\/atf-assessors-i-consultors-s-l-\/\"]}]}<\/script>\n<!-- \/ Yoast SEO plugin. -->","yoast_head_json":{"title":"Bolsa de trabajo - ATF ASSESSORS I CONSULTORS S.L.","robots":{"index":"index","follow":"follow","max-snippet":"max-snippet:-1","max-image-preview":"max-image-preview:large","max-video-preview":"max-video-preview:-1"},"canonical":"https:\/\/atfassessors.com\/es\/borsa-de-treball\/","og_locale":"es_ES","og_type":"article","og_title":"Bolsa de trabajo - ATF ASSESSORS I CONSULTORS S.L.","og_description":"\u00bfBuscas trabajo? \u00bfTienes ganas de aprender? \u00bfQuieres trabajar en un sector de constante evoluci\u00f3n? Si es as\u00ed, d\u00e9janos tu curr\u00edculum y te tendremos en cuenta en la pr\u00f3xima ampliaci\u00f3n de personal.","og_url":"https:\/\/atfassessors.com\/es\/borsa-de-treball\/","og_site_name":"ATF ASSESSORS I CONSULTORS S.L.","article_modified_time":"2024-03-27T09:54:13+00:00","twitter_card":"summary_large_image","twitter_misc":{"Tiempo de lectura":"1 minuto"},"schema":{"@context":"https:\/\/schema.org","@graph":[{"@type":"WebPage","@id":"https:\/\/atfassessors.com\/es\/borsa-de-treball\/","url":"https:\/\/atfassessors.com\/es\/borsa-de-treball\/","name":"Bolsa de trabajo - ATF ASSESSORS I CONSULTORS S.L.","isPartOf":{"@id":"https:\/\/atfassessors.com\/#website"},"datePublished":"2023-03-03T15:51:35+00:00","dateModified":"2024-03-27T09:54:13+00:00","breadcrumb":{"@id":"https:\/\/atfassessors.com\/es\/borsa-de-treball\/#breadcrumb"},"inLanguage":"es","potentialAction":[{"@type":"ReadAction","target":["https:\/\/atfassessors.com\/es\/borsa-de-treball\/"]}]},{"@type":"BreadcrumbList","@id":"https:\/\/atfassessors.com\/es\/borsa-de-treball\/#breadcrumb","itemListElement":[{"@type":"ListItem","position":1,"name":"Inici","item":"https:\/\/atfassessors.com\/es\/"},{"@type":"ListItem","position":2,"name":"Bolsa de trabajo"}]},{"@type":"WebSite","@id":"https:\/\/atfassessors.com\/#website","url":"https:\/\/atfassessors.com\/","name":"ATF ASSESSORS I CONSULTORS S.L.","description":"La teva assessoria a Manresa","publisher":{"@id":"https:\/\/atfassessors.com\/#organization"},"potentialAction":[{"@type":"SearchAction","target":{"@type":"EntryPoint","urlTemplate":"https:\/\/atfassessors.com\/?s={search_term_string}"},"query-input":{"@type":"PropertyValueSpecification","valueRequired":true,"valueName":"search_term_string"}}],"inLanguage":"es"},{"@type":"Organization","@id":"https:\/\/atfassessors.com\/#organization","name":"ATF ASSESSORS I CONSULTORS S.L.","url":"https:\/\/atfassessors.com\/","logo":{"@type":"ImageObject","inLanguage":"es","@id":"https:\/\/atfassessors.com\/#\/schema\/logo\/image\/","url":"https:\/\/atfassessors.com\/wp-content\/uploads\/2023\/03\/cropped-ATF-PNG.png","contentUrl":"https:\/\/atfassessors.com\/wp-content\/uploads\/2023\/03\/cropped-ATF-PNG.png","width":512,"height":512,"caption":"ATF ASSESSORS I CONSULTORS S.L."},"image":{"@id":"https:\/\/atfassessors.com\/#\/schema\/logo\/image\/"},"sameAs":["https:\/\/www.linkedin.com\/company\/atf-assessors-i-consultors-s-l-\/"]}]}},"_links":{"self":[{"href":"https:\/\/atfassessors.com\/es\/wp-json\/wp\/v2\/pages\/11991","targetHints":{"allow":["GET"]}}],"collection":[{"href":"https:\/\/atfassessors.com\/es\/wp-json\/wp\/v2\/pages"}],"about":[{"href":"https:\/\/atfassessors.com\/es\/wp-json\/wp\/v2\/types\/page"}],"author":[{"embeddable":true,"href":"https:\/\/atfassessors.com\/es\/wp-json\/wp\/v2\/users\/1"}],"replies":[{"embeddable":true,"href":"https:\/\/atfassessors.com\/es\/wp-json\/wp\/v2\/comments?post=11991"}],"version-history":[{"count":27,"href":"https:\/\/atfassessors.com\/es\/wp-json\/wp\/v2\/pages\/11991\/revisions"}],"predecessor-version":[{"id":12910,"href":"https:\/\/atfassessors.com\/es\/wp-json\/wp\/v2\/pages\/11991\/revisions\/12910"}],"wp:attachment":[{"href":"https:\/\/atfassessors.com\/es\/wp-json\/wp\/v2\/media?parent=11991"}],"curies":[{"name":"wp","href":"https:\/\/api.w.org\/{rel}","templated":true}]}}